{"id":59,"date":"2014-02-23T08:54:11","date_gmt":"2014-02-23T08:54:11","guid":{"rendered":"http:\/\/waszstyl.pl\/?page_id=59"},"modified":"2014-06-09T17:53:12","modified_gmt":"2014-06-09T17:53:12","slug":"bankiety","status":"publish","type":"page","link":"https:\/\/waszstyl.pl\/en\/oferta\/bankiety\/","title":{"rendered":"Banquets"},"content":{"rendered":"<p>Dishes, table arrangement, ceremonies and events &#8211; the preparation of an exquisite banquet is in vogue nowadays. Classic and modernity mix together and experience mixes with creativity. What is important is immediately reflected in our work. <\/p>\n<p>Wasz Styl Catering blends perfectly into the world of stylish variety, bounds with the surroundings or surprises with the colour of contrast. In our work we implement the opportunities that technology and product market provide us with. Altogether it gives customers a lot of satisfaction with our services.<\/p>","protected":false},"excerpt":{"rendered":"<p class=\"qtranxs-available-languages-message qtranxs-available-languages-message-en\">Sorry, this entry is only available in <a href=\"https:\/\/waszstyl.pl\/pl\/wp-json\/wp\/v2\/pages\/59\" class=\"qtranxs-available-language-link qtranxs-available-language-link-pl\" title=\"Polski\">Polski<\/a>.<\/p>\n","protected":false},"author":1,"featured_media":101,"parent":14,"menu_order":1,"comment_status":"closed","ping_status":"closed","template":"","meta":{"_acf_changed":false,"footnotes":""},"class_list":["post-59","page","type-page","status-publish","has-post-thumbnail","hentry"],"acf":[],"yoast_head":"<!-- This site is optimized with the Yoast SEO plugin v26.9 - https:\/\/yoast.com\/product\/yoast-seo-wordpress\/ -->\n<title>Banquets--WASZ STYL CATERING<\/title>\n<meta name=\"robots\" content=\"index, follow, max-snippet:-1, max-image-preview:large, max-video-preview:-1\" \/>\n<link rel=\"canonical\" href=\"https:\/\/waszstyl.pl\/oferta\/bankiety\/\" \/>\n<meta property=\"og:locale\" content=\"en_US\" \/>\n<meta property=\"og:type\" content=\"article\" \/>\n<meta property=\"og:title\" content=\"[:pl]Bankiety Bydgoszcz - Organizacja i Catering - Wasz Styl Catering[:en]Banquets--WASZ STYL CATERING\" \/>\n<meta property=\"og:description\" content=\"Potrawy, aran\u017cacja sto\u0142\u00f3w, oprawa uroczysto\u015bci\" \/>\n<meta property=\"og:url\" content=\"https:\/\/waszstyl.pl\/oferta\/bankiety\/\" \/>\n<meta property=\"og:site_name\" content=\"Wasz Styl Catering\" \/>\n<meta property=\"article:publisher\" content=\"https:\/\/www.facebook.com\/pages\/Wasz-Styl-Catering\/603102179771605\" \/>\n<meta property=\"article:modified_time\" content=\"2014-06-09T17:53:12+00:00\" \/>\n<meta property=\"og:image\" content=\"https:\/\/waszstyl.pl\/assets\/bankiety_stoly_bankietowe.jpg\" \/>\n\t<meta property=\"og:image:width\" content=\"1400\" \/>\n\t<meta property=\"og:image:height\" content=\"377\" \/>\n\t<meta property=\"og:image:type\" content=\"image\/jpeg\" \/>\n<meta name=\"twitter:label1\" content=\"Est. reading time\" \/>\n\t<meta name=\"twitter:data1\" content=\"1 minute\" \/>\n<script type=\"application\/ld+json\" class=\"yoast-schema-graph\">{\"@context\":\"https:\/\/schema.org\",\"@graph\":[{\"@type\":\"WebPage\",\"@id\":\"https:\/\/waszstyl.pl\/oferta\/bankiety\/\",\"url\":\"https:\/\/waszstyl.pl\/oferta\/bankiety\/\",\"name\":\"[:pl]Bankiety Bydgoszcz - Organizacja i Catering - Wasz Styl Catering[:en]Banquets--WASZ STYL CATERING\",\"isPartOf\":{\"@id\":\"https:\/\/waszstyl.pl\/#website\"},\"primaryImageOfPage\":{\"@id\":\"https:\/\/waszstyl.pl\/oferta\/bankiety\/#primaryimage\"},\"image\":{\"@id\":\"https:\/\/waszstyl.pl\/oferta\/bankiety\/#primaryimage\"},\"thumbnailUrl\":\"https:\/\/waszstyl.pl\/assets\/bankiety_stoly_bankietowe.jpg\",\"datePublished\":\"2014-02-23T08:54:11+00:00\",\"dateModified\":\"2014-06-09T17:53:12+00:00\",\"breadcrumb\":{\"@id\":\"https:\/\/waszstyl.pl\/oferta\/bankiety\/#breadcrumb\"},\"inLanguage\":\"en-US\",\"potentialAction\":[{\"@type\":\"ReadAction\",\"target\":[\"https:\/\/waszstyl.pl\/oferta\/bankiety\/\"]}]},{\"@type\":\"ImageObject\",\"inLanguage\":\"en-US\",\"@id\":\"https:\/\/waszstyl.pl\/oferta\/bankiety\/#primaryimage\",\"url\":\"https:\/\/waszstyl.pl\/assets\/bankiety_stoly_bankietowe.jpg\",\"contentUrl\":\"https:\/\/waszstyl.pl\/assets\/bankiety_stoly_bankietowe.jpg\",\"width\":1400,\"height\":377},{\"@type\":\"BreadcrumbList\",\"@id\":\"https:\/\/waszstyl.pl\/oferta\/bankiety\/#breadcrumb\",\"itemListElement\":[{\"@type\":\"ListItem\",\"position\":1,\"name\":\"Strona g\u0142\u00f3wna\",\"item\":\"https:\/\/waszstyl.pl\/\"},{\"@type\":\"ListItem\",\"position\":2,\"name\":\"Oferta\",\"item\":\"https:\/\/waszstyl.pl\/oferta\/\"},{\"@type\":\"ListItem\",\"position\":3,\"name\":\"Bankiety\"}]},{\"@type\":\"WebSite\",\"@id\":\"https:\/\/waszstyl.pl\/#website\",\"url\":\"https:\/\/waszstyl.pl\/\",\"name\":\"Wasz Styl Catering\",\"description\":\"kompleksowa organizacja obs\u0142ugi ka\u017cdej imprezy\",\"potentialAction\":[{\"@type\":\"SearchAction\",\"target\":{\"@type\":\"EntryPoint\",\"urlTemplate\":\"https:\/\/waszstyl.pl\/?s={search_term_string}\"},\"query-input\":{\"@type\":\"PropertyValueSpecification\",\"valueRequired\":true,\"valueName\":\"search_term_string\"}}],\"inLanguage\":\"en-US\"}]}<\/script>\n<!-- \/ Yoast SEO plugin. -->","yoast_head_json":{"title":"Banquets--WASZ STYL CATERING","robots":{"index":"index","follow":"follow","max-snippet":"max-snippet:-1","max-image-preview":"max-image-preview:large","max-video-preview":"max-video-preview:-1"},"canonical":"https:\/\/waszstyl.pl\/oferta\/bankiety\/","og_locale":"en_US","og_type":"article","og_title":"[:pl]Bankiety Bydgoszcz - Organizacja i Catering - Wasz Styl Catering[:en]Banquets--WASZ STYL CATERING","og_description":"Potrawy, aran\u017cacja sto\u0142\u00f3w, oprawa uroczysto\u015bci","og_url":"https:\/\/waszstyl.pl\/oferta\/bankiety\/","og_site_name":"Wasz Styl Catering","article_publisher":"https:\/\/www.facebook.com\/pages\/Wasz-Styl-Catering\/603102179771605","article_modified_time":"2014-06-09T17:53:12+00:00","og_image":[{"width":1400,"height":377,"url":"https:\/\/waszstyl.pl\/assets\/bankiety_stoly_bankietowe.jpg","type":"image\/jpeg"}],"twitter_misc":{"Est. reading time":"1 minute"},"schema":{"@context":"https:\/\/schema.org","@graph":[{"@type":"WebPage","@id":"https:\/\/waszstyl.pl\/oferta\/bankiety\/","url":"https:\/\/waszstyl.pl\/oferta\/bankiety\/","name":"[:pl]Bankiety Bydgoszcz - Organizacja i Catering - Wasz Styl Catering[:en]Banquets--WASZ STYL CATERING","isPartOf":{"@id":"https:\/\/waszstyl.pl\/#website"},"primaryImageOfPage":{"@id":"https:\/\/waszstyl.pl\/oferta\/bankiety\/#primaryimage"},"image":{"@id":"https:\/\/waszstyl.pl\/oferta\/bankiety\/#primaryimage"},"thumbnailUrl":"https:\/\/waszstyl.pl\/assets\/bankiety_stoly_bankietowe.jpg","datePublished":"2014-02-23T08:54:11+00:00","dateModified":"2014-06-09T17:53:12+00:00","breadcrumb":{"@id":"https:\/\/waszstyl.pl\/oferta\/bankiety\/#breadcrumb"},"inLanguage":"en-US","potentialAction":[{"@type":"ReadAction","target":["https:\/\/waszstyl.pl\/oferta\/bankiety\/"]}]},{"@type":"ImageObject","inLanguage":"en-US","@id":"https:\/\/waszstyl.pl\/oferta\/bankiety\/#primaryimage","url":"https:\/\/waszstyl.pl\/assets\/bankiety_stoly_bankietowe.jpg","contentUrl":"https:\/\/waszstyl.pl\/assets\/bankiety_stoly_bankietowe.jpg","width":1400,"height":377},{"@type":"BreadcrumbList","@id":"https:\/\/waszstyl.pl\/oferta\/bankiety\/#breadcrumb","itemListElement":[{"@type":"ListItem","position":1,"name":"Strona g\u0142\u00f3wna","item":"https:\/\/waszstyl.pl\/"},{"@type":"ListItem","position":2,"name":"Oferta","item":"https:\/\/waszstyl.pl\/oferta\/"},{"@type":"ListItem","position":3,"name":"Bankiety"}]},{"@type":"WebSite","@id":"https:\/\/waszstyl.pl\/#website","url":"https:\/\/waszstyl.pl\/","name":"Wasz Styl Catering","description":"kompleksowa organizacja obs\u0142ugi ka\u017cdej imprezy","potentialAction":[{"@type":"SearchAction","target":{"@type":"EntryPoint","urlTemplate":"https:\/\/waszstyl.pl\/?s={search_term_string}"},"query-input":{"@type":"PropertyValueSpecification","valueRequired":true,"valueName":"search_term_string"}}],"inLanguage":"en-US"}]}},"_links":{"self":[{"href":"https:\/\/waszstyl.pl\/en\/wp-json\/wp\/v2\/pages\/59","targetHints":{"allow":["GET"]}}],"collection":[{"href":"https:\/\/waszstyl.pl\/en\/wp-json\/wp\/v2\/pages"}],"about":[{"href":"https:\/\/waszstyl.pl\/en\/wp-json\/wp\/v2\/types\/page"}],"author":[{"embeddable":true,"href":"https:\/\/waszstyl.pl\/en\/wp-json\/wp\/v2\/users\/1"}],"replies":[{"embeddable":true,"href":"https:\/\/waszstyl.pl\/en\/wp-json\/wp\/v2\/comments?post=59"}],"version-history":[{"count":20,"href":"https:\/\/waszstyl.pl\/en\/wp-json\/wp\/v2\/pages\/59\/revisions"}],"predecessor-version":[{"id":618,"href":"https:\/\/waszstyl.pl\/en\/wp-json\/wp\/v2\/pages\/59\/revisions\/618"}],"up":[{"embeddable":true,"href":"https:\/\/waszstyl.pl\/en\/wp-json\/wp\/v2\/pages\/14"}],"wp:featuredmedia":[{"embeddable":true,"href":"https:\/\/waszstyl.pl\/en\/wp-json\/wp\/v2\/media\/101"}],"wp:attachment":[{"href":"https:\/\/waszstyl.pl\/en\/wp-json\/wp\/v2\/media?parent=59"}],"curies":[{"name":"wp","href":"https:\/\/api.w.org\/{rel}","templated":true}]}}