{"id":620,"date":"2014-03-20T15:06:09","date_gmt":"2014-03-20T15:06:09","guid":{"rendered":"http:\/\/waszstyl.pl\/?page_id=620"},"modified":"2021-03-13T13:18:13","modified_gmt":"2021-03-13T13:18:13","slug":"wielkanoc","status":"publish","type":"page","link":"https:\/\/waszstyl.pl\/en\/wielkanoc\/","title":{"rendered":"(Polski) Wielkanoc"},"content":{"rendered":"<p class=\"qtranxs-available-languages-message qtranxs-available-languages-message-en\">Sorry, this entry is only available in <a href=\"https:\/\/waszstyl.pl\/pl\/wp-json\/wp\/v2\/pages\/620\" class=\"qtranxs-available-language-link qtranxs-available-language-link-pl\" title=\"Polski\">Polski<\/a>.<\/p>","protected":false},"excerpt":{"rendered":"<p>Sorry, this entry is only available in Polski.<\/p>\n","protected":false},"author":2,"featured_media":682,"parent":0,"menu_order":0,"comment_status":"closed","ping_status":"closed","template":"template-custom.php","meta":{"_acf_changed":false,"footnotes":""},"class_list":["post-620","page","type-page","status-publish","has-post-thumbnail","hentry"],"acf":[],"yoast_head":"<!-- This site is optimized with the Yoast SEO plugin v26.9 - https:\/\/yoast.com\/product\/yoast-seo-wordpress\/ -->\n<title>Wielkanoc-Wasz Styl Catering-\u015bwi\u0105teczny catering<\/title>\n<meta name=\"description\" content=\"Wielkanoc z firm\u0105 Wasz Styl Catering, zobacz nasze \u015bw\u0105teczne menu, impreza w domu mo\u017ce by\u0107 przyjemno\u015bci\u0105. Bydgoszcz i okolice dostawa gratis\" \/>\n<meta name=\"robots\" content=\"index, follow, max-snippet:-1, max-image-preview:large, max-video-preview:-1\" \/>\n<link rel=\"canonical\" href=\"https:\/\/waszstyl.pl\/wielkanoc\/\" \/>\n<meta property=\"og:locale\" content=\"en_US\" \/>\n<meta property=\"og:type\" content=\"article\" \/>\n<meta property=\"og:title\" content=\"Wielkanoc-Wasz Styl Catering-\u015bwi\u0105teczny catering\" \/>\n<meta property=\"og:description\" content=\"Wielkanoc z firm\u0105 Wasz Styl Catering, zobacz nasze \u015bw\u0105teczne menu, impreza w domu mo\u017ce by\u0107 przyjemno\u015bci\u0105. Bydgoszcz i okolice dostawa gratis\" \/>\n<meta property=\"og:url\" content=\"https:\/\/waszstyl.pl\/wielkanoc\/\" \/>\n<meta property=\"og:site_name\" content=\"Wasz Styl Catering\" \/>\n<meta property=\"article:publisher\" content=\"https:\/\/www.facebook.com\/pages\/Wasz-Styl-Catering\/603102179771605\" \/>\n<meta property=\"article:modified_time\" content=\"2021-03-13T13:18:13+00:00\" \/>\n<meta property=\"og:image\" content=\"https:\/\/waszstyl.pl\/assets\/Fotolia_49627573_Subscription_Monthly_M.jpg\" \/>\n\t<meta property=\"og:image:width\" content=\"1537\" \/>\n\t<meta property=\"og:image:height\" content=\"1236\" \/>\n\t<meta property=\"og:image:type\" content=\"image\/jpeg\" \/>\n<script type=\"application\/ld+json\" class=\"yoast-schema-graph\">{\"@context\":\"https:\/\/schema.org\",\"@graph\":[{\"@type\":\"WebPage\",\"@id\":\"https:\/\/waszstyl.pl\/wielkanoc\/\",\"url\":\"https:\/\/waszstyl.pl\/wielkanoc\/\",\"name\":\"Wielkanoc-Wasz Styl Catering-\u015bwi\u0105teczny catering\",\"isPartOf\":{\"@id\":\"https:\/\/waszstyl.pl\/#website\"},\"primaryImageOfPage\":{\"@id\":\"https:\/\/waszstyl.pl\/wielkanoc\/#primaryimage\"},\"image\":{\"@id\":\"https:\/\/waszstyl.pl\/wielkanoc\/#primaryimage\"},\"thumbnailUrl\":\"https:\/\/waszstyl.pl\/assets\/Fotolia_49627573_Subscription_Monthly_M.jpg\",\"datePublished\":\"2014-03-20T15:06:09+00:00\",\"dateModified\":\"2021-03-13T13:18:13+00:00\",\"description\":\"Wielkanoc z firm\u0105 Wasz Styl Catering, zobacz nasze \u015bw\u0105teczne menu, impreza w domu mo\u017ce by\u0107 przyjemno\u015bci\u0105. Bydgoszcz i okolice dostawa gratis\",\"breadcrumb\":{\"@id\":\"https:\/\/waszstyl.pl\/wielkanoc\/#breadcrumb\"},\"inLanguage\":\"en-US\",\"potentialAction\":[{\"@type\":\"ReadAction\",\"target\":[\"https:\/\/waszstyl.pl\/wielkanoc\/\"]}]},{\"@type\":\"ImageObject\",\"inLanguage\":\"en-US\",\"@id\":\"https:\/\/waszstyl.pl\/wielkanoc\/#primaryimage\",\"url\":\"https:\/\/waszstyl.pl\/assets\/Fotolia_49627573_Subscription_Monthly_M.jpg\",\"contentUrl\":\"https:\/\/waszstyl.pl\/assets\/Fotolia_49627573_Subscription_Monthly_M.jpg\",\"width\":1537,\"height\":1236,\"caption\":\"Wielkanoc-Wasz Styl Catering\"},{\"@type\":\"BreadcrumbList\",\"@id\":\"https:\/\/waszstyl.pl\/wielkanoc\/#breadcrumb\",\"itemListElement\":[{\"@type\":\"ListItem\",\"position\":1,\"name\":\"Strona g\u0142\u00f3wna\",\"item\":\"https:\/\/waszstyl.pl\/\"},{\"@type\":\"ListItem\",\"position\":2,\"name\":\"Wielkanoc\"}]},{\"@type\":\"WebSite\",\"@id\":\"https:\/\/waszstyl.pl\/#website\",\"url\":\"https:\/\/waszstyl.pl\/\",\"name\":\"Wasz Styl Catering\",\"description\":\"kompleksowa organizacja obs\u0142ugi ka\u017cdej imprezy\",\"potentialAction\":[{\"@type\":\"SearchAction\",\"target\":{\"@type\":\"EntryPoint\",\"urlTemplate\":\"https:\/\/waszstyl.pl\/?s={search_term_string}\"},\"query-input\":{\"@type\":\"PropertyValueSpecification\",\"valueRequired\":true,\"valueName\":\"search_term_string\"}}],\"inLanguage\":\"en-US\"}]}<\/script>\n<!-- \/ Yoast SEO plugin. -->","yoast_head_json":{"title":"Wielkanoc-Wasz Styl Catering-\u015bwi\u0105teczny catering","description":"Wielkanoc z firm\u0105 Wasz Styl Catering, zobacz nasze \u015bw\u0105teczne menu, impreza w domu mo\u017ce by\u0107 przyjemno\u015bci\u0105. Bydgoszcz i okolice dostawa gratis","robots":{"index":"index","follow":"follow","max-snippet":"max-snippet:-1","max-image-preview":"max-image-preview:large","max-video-preview":"max-video-preview:-1"},"canonical":"https:\/\/waszstyl.pl\/wielkanoc\/","og_locale":"en_US","og_type":"article","og_title":"Wielkanoc-Wasz Styl Catering-\u015bwi\u0105teczny catering","og_description":"Wielkanoc z firm\u0105 Wasz Styl Catering, zobacz nasze \u015bw\u0105teczne menu, impreza w domu mo\u017ce by\u0107 przyjemno\u015bci\u0105. Bydgoszcz i okolice dostawa gratis","og_url":"https:\/\/waszstyl.pl\/wielkanoc\/","og_site_name":"Wasz Styl Catering","article_publisher":"https:\/\/www.facebook.com\/pages\/Wasz-Styl-Catering\/603102179771605","article_modified_time":"2021-03-13T13:18:13+00:00","og_image":[{"width":1537,"height":1236,"url":"https:\/\/waszstyl.pl\/assets\/Fotolia_49627573_Subscription_Monthly_M.jpg","type":"image\/jpeg"}],"schema":{"@context":"https:\/\/schema.org","@graph":[{"@type":"WebPage","@id":"https:\/\/waszstyl.pl\/wielkanoc\/","url":"https:\/\/waszstyl.pl\/wielkanoc\/","name":"Wielkanoc-Wasz Styl Catering-\u015bwi\u0105teczny catering","isPartOf":{"@id":"https:\/\/waszstyl.pl\/#website"},"primaryImageOfPage":{"@id":"https:\/\/waszstyl.pl\/wielkanoc\/#primaryimage"},"image":{"@id":"https:\/\/waszstyl.pl\/wielkanoc\/#primaryimage"},"thumbnailUrl":"https:\/\/waszstyl.pl\/assets\/Fotolia_49627573_Subscription_Monthly_M.jpg","datePublished":"2014-03-20T15:06:09+00:00","dateModified":"2021-03-13T13:18:13+00:00","description":"Wielkanoc z firm\u0105 Wasz Styl Catering, zobacz nasze \u015bw\u0105teczne menu, impreza w domu mo\u017ce by\u0107 przyjemno\u015bci\u0105. Bydgoszcz i okolice dostawa gratis","breadcrumb":{"@id":"https:\/\/waszstyl.pl\/wielkanoc\/#breadcrumb"},"inLanguage":"en-US","potentialAction":[{"@type":"ReadAction","target":["https:\/\/waszstyl.pl\/wielkanoc\/"]}]},{"@type":"ImageObject","inLanguage":"en-US","@id":"https:\/\/waszstyl.pl\/wielkanoc\/#primaryimage","url":"https:\/\/waszstyl.pl\/assets\/Fotolia_49627573_Subscription_Monthly_M.jpg","contentUrl":"https:\/\/waszstyl.pl\/assets\/Fotolia_49627573_Subscription_Monthly_M.jpg","width":1537,"height":1236,"caption":"Wielkanoc-Wasz Styl Catering"},{"@type":"BreadcrumbList","@id":"https:\/\/waszstyl.pl\/wielkanoc\/#breadcrumb","itemListElement":[{"@type":"ListItem","position":1,"name":"Strona g\u0142\u00f3wna","item":"https:\/\/waszstyl.pl\/"},{"@type":"ListItem","position":2,"name":"Wielkanoc"}]},{"@type":"WebSite","@id":"https:\/\/waszstyl.pl\/#website","url":"https:\/\/waszstyl.pl\/","name":"Wasz Styl Catering","description":"kompleksowa organizacja obs\u0142ugi ka\u017cdej imprezy","potentialAction":[{"@type":"SearchAction","target":{"@type":"EntryPoint","urlTemplate":"https:\/\/waszstyl.pl\/?s={search_term_string}"},"query-input":{"@type":"PropertyValueSpecification","valueRequired":true,"valueName":"search_term_string"}}],"inLanguage":"en-US"}]}},"_links":{"self":[{"href":"https:\/\/waszstyl.pl\/en\/wp-json\/wp\/v2\/pages\/620","targetHints":{"allow":["GET"]}}],"collection":[{"href":"https:\/\/waszstyl.pl\/en\/wp-json\/wp\/v2\/pages"}],"about":[{"href":"https:\/\/waszstyl.pl\/en\/wp-json\/wp\/v2\/types\/page"}],"author":[{"embeddable":true,"href":"https:\/\/waszstyl.pl\/en\/wp-json\/wp\/v2\/users\/2"}],"replies":[{"embeddable":true,"href":"https:\/\/waszstyl.pl\/en\/wp-json\/wp\/v2\/comments?post=620"}],"version-history":[{"count":24,"href":"https:\/\/waszstyl.pl\/en\/wp-json\/wp\/v2\/pages\/620\/revisions"}],"predecessor-version":[{"id":1005,"href":"https:\/\/waszstyl.pl\/en\/wp-json\/wp\/v2\/pages\/620\/revisions\/1005"}],"wp:featuredmedia":[{"embeddable":true,"href":"https:\/\/waszstyl.pl\/en\/wp-json\/wp\/v2\/media\/682"}],"wp:attachment":[{"href":"https:\/\/waszstyl.pl\/en\/wp-json\/wp\/v2\/media?parent=620"}],"curies":[{"name":"wp","href":"https:\/\/api.w.org\/{rel}","templated":true}]}}