{"id":640,"date":"2014-03-20T18:47:03","date_gmt":"2014-03-20T18:47:03","guid":{"rendered":"http:\/\/waszstyl.pl\/?page_id=640"},"modified":"2014-06-09T17:57:32","modified_gmt":"2014-06-09T17:57:32","slug":"imprezy-dla-mlodziezy","status":"publish","type":"page","link":"https:\/\/waszstyl.pl\/en\/imprezy-dla-mlodziezy\/","title":{"rendered":"(Polski) Imprezy dla m\u0142odzie\u017cy"},"content":{"rendered":"<p class=\"qtranxs-available-languages-message qtranxs-available-languages-message-en\">Sorry, this entry is only available in <a href=\"https:\/\/waszstyl.pl\/pl\/wp-json\/wp\/v2\/pages\/640\" class=\"qtranxs-available-language-link qtranxs-available-language-link-pl\" title=\"Polski\">Polski<\/a>.<\/p>","protected":false},"excerpt":{"rendered":"<p>Sorry, this entry is only available in Polski.<\/p>\n","protected":false},"author":2,"featured_media":646,"parent":0,"menu_order":1,"comment_status":"closed","ping_status":"closed","template":"","meta":{"_acf_changed":false,"footnotes":""},"class_list":["post-640","page","type-page","status-publish","has-post-thumbnail","hentry"],"acf":[],"yoast_head":"<!-- This site is optimized with the Yoast SEO plugin v26.9 - https:\/\/yoast.com\/product\/yoast-seo-wordpress\/ -->\n<title>Imprezy dla m\u0142odzie\u017cy Bydgoszcz - Wasz Styl Catering<\/title>\n<meta name=\"description\" content=\"Imprezy m\u0142odzie\u017cowe Bydgoszcz - Catering i Organizacja. Imprezy takie jak studni\u00f3wka, po\u0142owinki, bal gimnazjalisty obs\u0142ugujemy zar\u00f3wno w Bydgoszczy jak i ca\u0142ym kujawsko-pomorskim.\" \/>\n<meta name=\"robots\" content=\"index, follow, max-snippet:-1, max-image-preview:large, max-video-preview:-1\" \/>\n<link rel=\"canonical\" href=\"https:\/\/waszstyl.pl\/imprezy-dla-mlodziezy\/\" \/>\n<meta property=\"og:locale\" content=\"en_US\" \/>\n<meta property=\"og:type\" content=\"article\" \/>\n<meta property=\"og:title\" content=\"Imprezy dla m\u0142odzie\u017cy Bydgoszcz - Wasz Styl Catering\" \/>\n<meta property=\"og:description\" content=\"Imprezy m\u0142odzie\u017cowe Bydgoszcz - Catering i Organizacja. Imprezy takie jak studni\u00f3wka, po\u0142owinki, bal gimnazjalisty obs\u0142ugujemy zar\u00f3wno w Bydgoszczy jak i ca\u0142ym kujawsko-pomorskim.\" \/>\n<meta property=\"og:url\" content=\"https:\/\/waszstyl.pl\/imprezy-dla-mlodziezy\/\" \/>\n<meta property=\"og:site_name\" content=\"Wasz Styl Catering\" \/>\n<meta property=\"article:publisher\" content=\"https:\/\/www.facebook.com\/pages\/Wasz-Styl-Catering\/603102179771605\" \/>\n<meta property=\"article:modified_time\" content=\"2014-06-09T17:57:32+00:00\" \/>\n<meta property=\"og:image\" content=\"https:\/\/waszstyl.pl\/assets\/impreza-dla-m\u0142odzie\u017cy-II.jpg\" \/>\n\t<meta property=\"og:image:width\" content=\"1400\" \/>\n\t<meta property=\"og:image:height\" content=\"377\" \/>\n\t<meta property=\"og:image:type\" content=\"image\/jpeg\" \/>\n<meta name=\"twitter:label1\" content=\"Est. reading time\" \/>\n\t<meta name=\"twitter:data1\" content=\"1 minute\" \/>\n<script type=\"application\/ld+json\" class=\"yoast-schema-graph\">{\"@context\":\"https:\/\/schema.org\",\"@graph\":[{\"@type\":\"WebPage\",\"@id\":\"https:\/\/waszstyl.pl\/imprezy-dla-mlodziezy\/\",\"url\":\"https:\/\/waszstyl.pl\/imprezy-dla-mlodziezy\/\",\"name\":\"Imprezy dla m\u0142odzie\u017cy Bydgoszcz - Wasz Styl Catering\",\"isPartOf\":{\"@id\":\"https:\/\/waszstyl.pl\/#website\"},\"primaryImageOfPage\":{\"@id\":\"https:\/\/waszstyl.pl\/imprezy-dla-mlodziezy\/#primaryimage\"},\"image\":{\"@id\":\"https:\/\/waszstyl.pl\/imprezy-dla-mlodziezy\/#primaryimage\"},\"thumbnailUrl\":\"https:\/\/waszstyl.pl\/assets\/impreza-dla-m\u0142odzie\u017cy-II.jpg\",\"datePublished\":\"2014-03-20T18:47:03+00:00\",\"dateModified\":\"2014-06-09T17:57:32+00:00\",\"description\":\"Imprezy m\u0142odzie\u017cowe Bydgoszcz - Catering i Organizacja. Imprezy takie jak studni\u00f3wka, po\u0142owinki, bal gimnazjalisty obs\u0142ugujemy zar\u00f3wno w Bydgoszczy jak i ca\u0142ym kujawsko-pomorskim.\",\"breadcrumb\":{\"@id\":\"https:\/\/waszstyl.pl\/imprezy-dla-mlodziezy\/#breadcrumb\"},\"inLanguage\":\"en-US\",\"potentialAction\":[{\"@type\":\"ReadAction\",\"target\":[\"https:\/\/waszstyl.pl\/imprezy-dla-mlodziezy\/\"]}]},{\"@type\":\"ImageObject\",\"inLanguage\":\"en-US\",\"@id\":\"https:\/\/waszstyl.pl\/imprezy-dla-mlodziezy\/#primaryimage\",\"url\":\"https:\/\/waszstyl.pl\/assets\/impreza-dla-m\u0142odzie\u017cy-II.jpg\",\"contentUrl\":\"https:\/\/waszstyl.pl\/assets\/impreza-dla-m\u0142odzie\u017cy-II.jpg\",\"width\":1400,\"height\":377,\"caption\":\"imprezy dla m\u0142odzie\u017cy-Wasz Styl Catering\"},{\"@type\":\"BreadcrumbList\",\"@id\":\"https:\/\/waszstyl.pl\/imprezy-dla-mlodziezy\/#breadcrumb\",\"itemListElement\":[{\"@type\":\"ListItem\",\"position\":1,\"name\":\"Strona g\u0142\u00f3wna\",\"item\":\"https:\/\/waszstyl.pl\/\"},{\"@type\":\"ListItem\",\"position\":2,\"name\":\"Imprezy dla m\u0142odzie\u017cy\"}]},{\"@type\":\"WebSite\",\"@id\":\"https:\/\/waszstyl.pl\/#website\",\"url\":\"https:\/\/waszstyl.pl\/\",\"name\":\"Wasz Styl Catering\",\"description\":\"kompleksowa organizacja obs\u0142ugi ka\u017cdej imprezy\",\"potentialAction\":[{\"@type\":\"SearchAction\",\"target\":{\"@type\":\"EntryPoint\",\"urlTemplate\":\"https:\/\/waszstyl.pl\/?s={search_term_string}\"},\"query-input\":{\"@type\":\"PropertyValueSpecification\",\"valueRequired\":true,\"valueName\":\"search_term_string\"}}],\"inLanguage\":\"en-US\"}]}<\/script>\n<!-- \/ Yoast SEO plugin. -->","yoast_head_json":{"title":"Imprezy dla m\u0142odzie\u017cy Bydgoszcz - Wasz Styl Catering","description":"Imprezy m\u0142odzie\u017cowe Bydgoszcz - Catering i Organizacja. Imprezy takie jak studni\u00f3wka, po\u0142owinki, bal gimnazjalisty obs\u0142ugujemy zar\u00f3wno w Bydgoszczy jak i ca\u0142ym kujawsko-pomorskim.","robots":{"index":"index","follow":"follow","max-snippet":"max-snippet:-1","max-image-preview":"max-image-preview:large","max-video-preview":"max-video-preview:-1"},"canonical":"https:\/\/waszstyl.pl\/imprezy-dla-mlodziezy\/","og_locale":"en_US","og_type":"article","og_title":"Imprezy dla m\u0142odzie\u017cy Bydgoszcz - Wasz Styl Catering","og_description":"Imprezy m\u0142odzie\u017cowe Bydgoszcz - Catering i Organizacja. Imprezy takie jak studni\u00f3wka, po\u0142owinki, bal gimnazjalisty obs\u0142ugujemy zar\u00f3wno w Bydgoszczy jak i ca\u0142ym kujawsko-pomorskim.","og_url":"https:\/\/waszstyl.pl\/imprezy-dla-mlodziezy\/","og_site_name":"Wasz Styl Catering","article_publisher":"https:\/\/www.facebook.com\/pages\/Wasz-Styl-Catering\/603102179771605","article_modified_time":"2014-06-09T17:57:32+00:00","og_image":[{"width":1400,"height":377,"url":"https:\/\/waszstyl.pl\/assets\/impreza-dla-m\u0142odzie\u017cy-II.jpg","type":"image\/jpeg"}],"twitter_misc":{"Est. reading time":"1 minute"},"schema":{"@context":"https:\/\/schema.org","@graph":[{"@type":"WebPage","@id":"https:\/\/waszstyl.pl\/imprezy-dla-mlodziezy\/","url":"https:\/\/waszstyl.pl\/imprezy-dla-mlodziezy\/","name":"Imprezy dla m\u0142odzie\u017cy Bydgoszcz - Wasz Styl Catering","isPartOf":{"@id":"https:\/\/waszstyl.pl\/#website"},"primaryImageOfPage":{"@id":"https:\/\/waszstyl.pl\/imprezy-dla-mlodziezy\/#primaryimage"},"image":{"@id":"https:\/\/waszstyl.pl\/imprezy-dla-mlodziezy\/#primaryimage"},"thumbnailUrl":"https:\/\/waszstyl.pl\/assets\/impreza-dla-m\u0142odzie\u017cy-II.jpg","datePublished":"2014-03-20T18:47:03+00:00","dateModified":"2014-06-09T17:57:32+00:00","description":"Imprezy m\u0142odzie\u017cowe Bydgoszcz - Catering i Organizacja. Imprezy takie jak studni\u00f3wka, po\u0142owinki, bal gimnazjalisty obs\u0142ugujemy zar\u00f3wno w Bydgoszczy jak i ca\u0142ym kujawsko-pomorskim.","breadcrumb":{"@id":"https:\/\/waszstyl.pl\/imprezy-dla-mlodziezy\/#breadcrumb"},"inLanguage":"en-US","potentialAction":[{"@type":"ReadAction","target":["https:\/\/waszstyl.pl\/imprezy-dla-mlodziezy\/"]}]},{"@type":"ImageObject","inLanguage":"en-US","@id":"https:\/\/waszstyl.pl\/imprezy-dla-mlodziezy\/#primaryimage","url":"https:\/\/waszstyl.pl\/assets\/impreza-dla-m\u0142odzie\u017cy-II.jpg","contentUrl":"https:\/\/waszstyl.pl\/assets\/impreza-dla-m\u0142odzie\u017cy-II.jpg","width":1400,"height":377,"caption":"imprezy dla m\u0142odzie\u017cy-Wasz Styl Catering"},{"@type":"BreadcrumbList","@id":"https:\/\/waszstyl.pl\/imprezy-dla-mlodziezy\/#breadcrumb","itemListElement":[{"@type":"ListItem","position":1,"name":"Strona g\u0142\u00f3wna","item":"https:\/\/waszstyl.pl\/"},{"@type":"ListItem","position":2,"name":"Imprezy dla m\u0142odzie\u017cy"}]},{"@type":"WebSite","@id":"https:\/\/waszstyl.pl\/#website","url":"https:\/\/waszstyl.pl\/","name":"Wasz Styl Catering","description":"kompleksowa organizacja obs\u0142ugi ka\u017cdej imprezy","potentialAction":[{"@type":"SearchAction","target":{"@type":"EntryPoint","urlTemplate":"https:\/\/waszstyl.pl\/?s={search_term_string}"},"query-input":{"@type":"PropertyValueSpecification","valueRequired":true,"valueName":"search_term_string"}}],"inLanguage":"en-US"}]}},"_links":{"self":[{"href":"https:\/\/waszstyl.pl\/en\/wp-json\/wp\/v2\/pages\/640","targetHints":{"allow":["GET"]}}],"collection":[{"href":"https:\/\/waszstyl.pl\/en\/wp-json\/wp\/v2\/pages"}],"about":[{"href":"https:\/\/waszstyl.pl\/en\/wp-json\/wp\/v2\/types\/page"}],"author":[{"embeddable":true,"href":"https:\/\/waszstyl.pl\/en\/wp-json\/wp\/v2\/users\/2"}],"replies":[{"embeddable":true,"href":"https:\/\/waszstyl.pl\/en\/wp-json\/wp\/v2\/comments?post=640"}],"version-history":[{"count":6,"href":"https:\/\/waszstyl.pl\/en\/wp-json\/wp\/v2\/pages\/640\/revisions"}],"predecessor-version":[{"id":793,"href":"https:\/\/waszstyl.pl\/en\/wp-json\/wp\/v2\/pages\/640\/revisions\/793"}],"wp:featuredmedia":[{"embeddable":true,"href":"https:\/\/waszstyl.pl\/en\/wp-json\/wp\/v2\/media\/646"}],"wp:attachment":[{"href":"https:\/\/waszstyl.pl\/en\/wp-json\/wp\/v2\/media?parent=640"}],"curies":[{"name":"wp","href":"https:\/\/api.w.org\/{rel}","templated":true}]}}