{"id":69,"date":"2014-02-23T08:57:15","date_gmt":"2014-02-23T08:57:15","guid":{"rendered":"http:\/\/waszstyl.pl\/?page_id=69"},"modified":"2017-03-10T11:55:37","modified_gmt":"2017-03-10T11:55:37","slug":"przyjecia","status":"publish","type":"page","link":"https:\/\/waszstyl.pl\/en\/oferta\/przyjecia\/","title":{"rendered":"Feasts"},"content":{"rendered":"<p>It has been widely known since the ancient times that the shared meal brings the people together, creates the space for thoughts, relaxes\u2026 Providing you with the organization of the event we want you to enjoy the unique taste and variety of our cuisine and leave you with good memories. Dreams and passion make us create events of such elegant yet comfortable form. Regardless the form of the celebration- a business meeting,a social meeting, a jubilee, a prom, a baptism,a communion, a wedding or holidays we treat every order individually, matching it to the needs and the character of the event. Our flexibility let us create the unique offer for you. Do not hesitate to contact us personally, on the phone, email or use the contact form on our website.<\/p>\n<p><\/p>","protected":false},"excerpt":{"rendered":"<p class=\"qtranxs-available-languages-message qtranxs-available-languages-message-en\">Sorry, this entry is only available in <a href=\"https:\/\/waszstyl.pl\/pl\/wp-json\/wp\/v2\/pages\/69\" class=\"qtranxs-available-language-link qtranxs-available-language-link-pl\" title=\"Polski\">Polski<\/a>.<\/p>\n","protected":false},"author":1,"featured_media":108,"parent":14,"menu_order":2,"comment_status":"closed","ping_status":"closed","template":"","meta":{"_acf_changed":false,"footnotes":""},"class_list":["post-69","page","type-page","status-publish","has-post-thumbnail","hentry"],"acf":[],"yoast_head":"<!-- This site is optimized with the Yoast SEO plugin v26.9 - https:\/\/yoast.com\/product\/yoast-seo-wordpress\/ -->\n<title>Imprezy Okoliczno\u015bciowe Bydgoszcz, Przyj\u0119cia - Wasz Styl Catering<\/title>\n<meta name=\"description\" content=\"Firma Wasz Styl oferuje doskona\u0142e Imprezy Okoliczno\u015bciowe Bydgoszcz i okolice. Profesjonalna organizacja imprez okoliczno\u015bciowych i przyj\u0119\u0107 oraz catering.\" \/>\n<meta name=\"robots\" content=\"index, follow, max-snippet:-1, max-image-preview:large, max-video-preview:-1\" \/>\n<link rel=\"canonical\" href=\"https:\/\/waszstyl.pl\/en\/oferta\/przyjecia\/\" \/>\n<meta property=\"og:locale\" content=\"en_US\" \/>\n<meta property=\"og:type\" content=\"article\" \/>\n<meta property=\"og:title\" content=\"Imprezy Okoliczno\u015bciowe Bydgoszcz, Przyj\u0119cia - Wasz Styl Catering\" \/>\n<meta property=\"og:description\" content=\"Firma Wasz Styl oferuje doskona\u0142e Imprezy Okoliczno\u015bciowe Bydgoszcz i okolice. Profesjonalna organizacja imprez okoliczno\u015bciowych i przyj\u0119\u0107 oraz catering.\" \/>\n<meta property=\"og:url\" content=\"https:\/\/waszstyl.pl\/en\/oferta\/przyjecia\/\" \/>\n<meta property=\"og:site_name\" content=\"Wasz Styl Catering\" \/>\n<meta property=\"article:publisher\" content=\"https:\/\/www.facebook.com\/pages\/Wasz-Styl-Catering\/603102179771605\" \/>\n<meta property=\"article:modified_time\" content=\"2017-03-10T11:55:37+00:00\" \/>\n<meta property=\"og:image\" content=\"https:\/\/waszstyl.pl\/assets\/przyecia_slajd.jpg\" \/>\n\t<meta property=\"og:image:width\" content=\"1400\" \/>\n\t<meta property=\"og:image:height\" content=\"377\" \/>\n\t<meta property=\"og:image:type\" content=\"image\/jpeg\" \/>\n<meta name=\"twitter:label1\" content=\"Est. reading time\" \/>\n\t<meta name=\"twitter:data1\" content=\"1 minute\" \/>\n<script type=\"application\/ld+json\" class=\"yoast-schema-graph\">{\"@context\":\"https:\/\/schema.org\",\"@graph\":[{\"@type\":\"WebPage\",\"@id\":\"https:\/\/waszstyl.pl\/en\/oferta\/przyjecia\/\",\"url\":\"https:\/\/waszstyl.pl\/en\/oferta\/przyjecia\/\",\"name\":\"Imprezy Okoliczno\u015bciowe Bydgoszcz, Przyj\u0119cia - Wasz Styl Catering\",\"isPartOf\":{\"@id\":\"https:\/\/waszstyl.pl\/#website\"},\"primaryImageOfPage\":{\"@id\":\"https:\/\/waszstyl.pl\/en\/oferta\/przyjecia\/#primaryimage\"},\"image\":{\"@id\":\"https:\/\/waszstyl.pl\/en\/oferta\/przyjecia\/#primaryimage\"},\"thumbnailUrl\":\"https:\/\/waszstyl.pl\/assets\/przyecia_slajd.jpg\",\"datePublished\":\"2014-02-23T08:57:15+00:00\",\"dateModified\":\"2017-03-10T11:55:37+00:00\",\"description\":\"Firma Wasz Styl oferuje doskona\u0142e Imprezy Okoliczno\u015bciowe Bydgoszcz i okolice. Profesjonalna organizacja imprez okoliczno\u015bciowych i przyj\u0119\u0107 oraz catering.\",\"breadcrumb\":{\"@id\":\"https:\/\/waszstyl.pl\/en\/oferta\/przyjecia\/#breadcrumb\"},\"inLanguage\":\"en-US\",\"potentialAction\":[{\"@type\":\"ReadAction\",\"target\":[\"https:\/\/waszstyl.pl\/en\/oferta\/przyjecia\/\"]}]},{\"@type\":\"ImageObject\",\"inLanguage\":\"en-US\",\"@id\":\"https:\/\/waszstyl.pl\/en\/oferta\/przyjecia\/#primaryimage\",\"url\":\"https:\/\/waszstyl.pl\/assets\/przyecia_slajd.jpg\",\"contentUrl\":\"https:\/\/waszstyl.pl\/assets\/przyecia_slajd.jpg\",\"width\":1400,\"height\":377},{\"@type\":\"BreadcrumbList\",\"@id\":\"https:\/\/waszstyl.pl\/en\/oferta\/przyjecia\/#breadcrumb\",\"itemListElement\":[{\"@type\":\"ListItem\",\"position\":1,\"name\":\"Strona g\u0142\u00f3wna\",\"item\":\"https:\/\/waszstyl.pl\/\"},{\"@type\":\"ListItem\",\"position\":2,\"name\":\"Oferta\",\"item\":\"https:\/\/waszstyl.pl\/oferta\/\"},{\"@type\":\"ListItem\",\"position\":3,\"name\":\"Feasts\"}]},{\"@type\":\"WebSite\",\"@id\":\"https:\/\/waszstyl.pl\/#website\",\"url\":\"https:\/\/waszstyl.pl\/\",\"name\":\"Wasz Styl Catering\",\"description\":\"kompleksowa organizacja obs\u0142ugi ka\u017cdej imprezy\",\"potentialAction\":[{\"@type\":\"SearchAction\",\"target\":{\"@type\":\"EntryPoint\",\"urlTemplate\":\"https:\/\/waszstyl.pl\/?s={search_term_string}\"},\"query-input\":{\"@type\":\"PropertyValueSpecification\",\"valueRequired\":true,\"valueName\":\"search_term_string\"}}],\"inLanguage\":\"en-US\"}]}<\/script>\n<!-- \/ Yoast SEO plugin. -->","yoast_head_json":{"title":"Imprezy Okoliczno\u015bciowe Bydgoszcz, Przyj\u0119cia - Wasz Styl Catering","description":"Firma Wasz Styl oferuje doskona\u0142e Imprezy Okoliczno\u015bciowe Bydgoszcz i okolice. Profesjonalna organizacja imprez okoliczno\u015bciowych i przyj\u0119\u0107 oraz catering.","robots":{"index":"index","follow":"follow","max-snippet":"max-snippet:-1","max-image-preview":"max-image-preview:large","max-video-preview":"max-video-preview:-1"},"canonical":"https:\/\/waszstyl.pl\/en\/oferta\/przyjecia\/","og_locale":"en_US","og_type":"article","og_title":"Imprezy Okoliczno\u015bciowe Bydgoszcz, Przyj\u0119cia - Wasz Styl Catering","og_description":"Firma Wasz Styl oferuje doskona\u0142e Imprezy Okoliczno\u015bciowe Bydgoszcz i okolice. Profesjonalna organizacja imprez okoliczno\u015bciowych i przyj\u0119\u0107 oraz catering.","og_url":"https:\/\/waszstyl.pl\/en\/oferta\/przyjecia\/","og_site_name":"Wasz Styl Catering","article_publisher":"https:\/\/www.facebook.com\/pages\/Wasz-Styl-Catering\/603102179771605","article_modified_time":"2017-03-10T11:55:37+00:00","og_image":[{"width":1400,"height":377,"url":"https:\/\/waszstyl.pl\/assets\/przyecia_slajd.jpg","type":"image\/jpeg"}],"twitter_misc":{"Est. reading time":"1 minute"},"schema":{"@context":"https:\/\/schema.org","@graph":[{"@type":"WebPage","@id":"https:\/\/waszstyl.pl\/en\/oferta\/przyjecia\/","url":"https:\/\/waszstyl.pl\/en\/oferta\/przyjecia\/","name":"Imprezy Okoliczno\u015bciowe Bydgoszcz, Przyj\u0119cia - Wasz Styl Catering","isPartOf":{"@id":"https:\/\/waszstyl.pl\/#website"},"primaryImageOfPage":{"@id":"https:\/\/waszstyl.pl\/en\/oferta\/przyjecia\/#primaryimage"},"image":{"@id":"https:\/\/waszstyl.pl\/en\/oferta\/przyjecia\/#primaryimage"},"thumbnailUrl":"https:\/\/waszstyl.pl\/assets\/przyecia_slajd.jpg","datePublished":"2014-02-23T08:57:15+00:00","dateModified":"2017-03-10T11:55:37+00:00","description":"Firma Wasz Styl oferuje doskona\u0142e Imprezy Okoliczno\u015bciowe Bydgoszcz i okolice. Profesjonalna organizacja imprez okoliczno\u015bciowych i przyj\u0119\u0107 oraz catering.","breadcrumb":{"@id":"https:\/\/waszstyl.pl\/en\/oferta\/przyjecia\/#breadcrumb"},"inLanguage":"en-US","potentialAction":[{"@type":"ReadAction","target":["https:\/\/waszstyl.pl\/en\/oferta\/przyjecia\/"]}]},{"@type":"ImageObject","inLanguage":"en-US","@id":"https:\/\/waszstyl.pl\/en\/oferta\/przyjecia\/#primaryimage","url":"https:\/\/waszstyl.pl\/assets\/przyecia_slajd.jpg","contentUrl":"https:\/\/waszstyl.pl\/assets\/przyecia_slajd.jpg","width":1400,"height":377},{"@type":"BreadcrumbList","@id":"https:\/\/waszstyl.pl\/en\/oferta\/przyjecia\/#breadcrumb","itemListElement":[{"@type":"ListItem","position":1,"name":"Strona g\u0142\u00f3wna","item":"https:\/\/waszstyl.pl\/"},{"@type":"ListItem","position":2,"name":"Oferta","item":"https:\/\/waszstyl.pl\/oferta\/"},{"@type":"ListItem","position":3,"name":"Feasts"}]},{"@type":"WebSite","@id":"https:\/\/waszstyl.pl\/#website","url":"https:\/\/waszstyl.pl\/","name":"Wasz Styl Catering","description":"kompleksowa organizacja obs\u0142ugi ka\u017cdej imprezy","potentialAction":[{"@type":"SearchAction","target":{"@type":"EntryPoint","urlTemplate":"https:\/\/waszstyl.pl\/?s={search_term_string}"},"query-input":{"@type":"PropertyValueSpecification","valueRequired":true,"valueName":"search_term_string"}}],"inLanguage":"en-US"}]}},"_links":{"self":[{"href":"https:\/\/waszstyl.pl\/en\/wp-json\/wp\/v2\/pages\/69","targetHints":{"allow":["GET"]}}],"collection":[{"href":"https:\/\/waszstyl.pl\/en\/wp-json\/wp\/v2\/pages"}],"about":[{"href":"https:\/\/waszstyl.pl\/en\/wp-json\/wp\/v2\/types\/page"}],"author":[{"embeddable":true,"href":"https:\/\/waszstyl.pl\/en\/wp-json\/wp\/v2\/users\/1"}],"replies":[{"embeddable":true,"href":"https:\/\/waszstyl.pl\/en\/wp-json\/wp\/v2\/comments?post=69"}],"version-history":[{"count":16,"href":"https:\/\/waszstyl.pl\/en\/wp-json\/wp\/v2\/pages\/69\/revisions"}],"predecessor-version":[{"id":887,"href":"https:\/\/waszstyl.pl\/en\/wp-json\/wp\/v2\/pages\/69\/revisions\/887"}],"up":[{"embeddable":true,"href":"https:\/\/waszstyl.pl\/en\/wp-json\/wp\/v2\/pages\/14"}],"wp:featuredmedia":[{"embeddable":true,"href":"https:\/\/waszstyl.pl\/en\/wp-json\/wp\/v2\/media\/108"}],"wp:attachment":[{"href":"https:\/\/waszstyl.pl\/en\/wp-json\/wp\/v2\/media?parent=69"}],"curies":[{"name":"wp","href":"https:\/\/api.w.org\/{rel}","templated":true}]}}