{"id":694,"date":"2014-03-21T20:53:24","date_gmt":"2014-03-21T20:53:24","guid":{"rendered":"http:\/\/waszstyl.pl\/?page_id=694"},"modified":"2025-02-13T15:13:13","modified_gmt":"2025-02-13T15:13:13","slug":"komunia","status":"publish","type":"page","link":"https:\/\/waszstyl.pl\/en\/komunia\/","title":{"rendered":"(Polski) Przyj\u0119cia komunijne"},"content":{"rendered":"<p><\/p>\n<div data-page=\"1\">\n<div style=\"text-align: center;\" data-canvas-width=\"52.895999999999994\">\u00a0 \u00a0 \u00a0 \u00a0 \u00a0 \u00a0 \u00a0 \u00a0 \u00a0 \u00a0 \u00a0 \u00a0 \u00a0 \u00a0 \u00a0 \u00a0 \u00a0 \u00a0 \u00a0 \u00a0 \u00a0 \u00a0 \u00a0 \u00a0 \u00a0 \u00a0 \u00a0 \u00a0 \u00a0 \u00a0 \u00a0 \u00a0 \u00a0 \u00a0 \u00a0 \u00a0 \u00a0 \u00a0 \u00a0 \u00a0 \u00a0 \u00a0 \u00a0 \u00a0 \u00a0 \u00a0 \u00a0 \u00a0 \u00a0 \u00a0 \u00a0 \u00a0 \u00a0 \u00a0 \u00a0 \u00a0 \u00a0 \u00a0 \u00a0 \u00a0 \u00a0 \u00a0 \u00a0 \u00a0 \u00a0 \u00a0 \u00a0 \u00a0 \u00a0 \u00a0 \u00a0 \u00a0 \u00a0 \u00a0 \u00a0 \u00a0 \u00a0 \u00a0 \u00a0 \u00a0 \u00a0 \u00a0 \u00a0 \u00a0 \u00a0 \u00a0 \u00a0 \u00a0 \u00a0 \u00a0 \u00a0 \u00a0 \u00a0 \u00a0 \u00a0 \u00a0 \u00a0menu na przyj\u0119cia komunijne w roku 2017<\/div>\n<div style=\"text-align: center;\" data-canvas-width=\"52.895999999999994\"><\/div>\n<div style=\"text-align: center;\" data-canvas-width=\"52.895999999999994\"><span style=\"color: #ff6600;\">ZUPY:<\/span><\/div>\n<div style=\"text-align: center;\" data-canvas-width=\"52.895999999999994\"><\/div>\n<div style=\"text-align: center;\" data-canvas-width=\"241.264\"><span style=\"font-size: medium;\">ros\u00f3\u0142 z makaronem domowym<\/span><\/div>\n<div style=\"text-align: center;\" data-canvas-width=\"471.2799999999998\"><span style=\"font-size: medium;\">ros\u00f3\u0142 po szlachecku z drobiowymi kulkami<\/span><\/div>\n<div style=\"text-align: center;\" data-canvas-width=\"189.11999999999995\"><span style=\"font-size: medium;\">barszcz z pasztecikiem<\/span><\/div>\n<div style=\"text-align: center;\" data-canvas-width=\"203.08799999999997\"><span style=\"font-size: medium;\">krem z groszku zielonego<\/span><\/div>\n<div style=\"text-align: center;\" data-canvas-width=\"156.656\"><\/div>\n<div style=\"text-align: center;\" data-canvas-width=\"156.656\"><span style=\"color: #ff6600;\">DANIA Z DROBIU:<\/span><\/div>\n<div style=\"text-align: center;\" data-canvas-width=\"156.656\"><\/div>\n<div style=\"text-align: center;\" data-canvas-width=\"195.56799999999998\"><span style=\"font-size: medium;\">kaczka w pomara\u0144czach<\/span><\/div>\n<div style=\"text-align: center;\" data-canvas-width=\"231.35999999999993\"><span style=\"font-size: medium;\">kotlet drobiowy panierowany<\/span><\/div>\n<div style=\"text-align: center;\" data-canvas-width=\"285.76\"><span style=\"font-size: medium;\">eskalopki z drobiu w sosie serowym<\/span><\/div>\n<div style=\"text-align: center;\" data-canvas-width=\"383.7279999999999\"><span style=\"font-size: medium;\">roladki drobiowe faszerowane porem i bekonem<\/span><\/div>\n<div style=\"text-align: center;\" data-canvas-width=\"505.3760000000002\"><span style=\"font-size: medium;\">kurczak z ricott\u0105 i szpinakiem (li\u015bcie szpinaku owini\u0119te w pier\u015b)<\/span><\/div>\n<div style=\"text-align: center;\" data-canvas-width=\"144.688\"><span style=\"font-size: medium;\">udko faszerowane<\/span><\/div>\n<div style=\"text-align: center;\" data-canvas-width=\"137.248\"><span style=\"font-size: medium;\">kotlet de volaille<\/span><\/div>\n<div style=\"text-align: center;\" data-canvas-width=\"217.29599999999996\"><\/div>\n<div style=\"text-align: center;\" data-canvas-width=\"217.29599999999996\"><span style=\"color: #ff6600;\">DANIA Z WIEPRZOWINY:<\/span><\/div>\n<div style=\"text-align: center;\" data-canvas-width=\"217.29599999999996\"><\/div>\n<div style=\"text-align: center;\" data-canvas-width=\"170.14399999999998\"><span style=\"font-size: medium;\">bryzol ze szparagami<\/span><\/div>\n<div style=\"text-align: center;\" data-canvas-width=\"237.87199999999996\"><span style=\"font-size: medium;\">kotlet schabowy panierowany<\/span><\/div>\n<div style=\"text-align: center;\" data-canvas-width=\"250.992\"><span style=\"font-size: medium;\">pol\u0119dwiczki duszone w kurkach<\/span><\/div>\n<div style=\"text-align: center;\" data-canvas-width=\"310.944\"><span style=\"font-size: medium;\">piecze\u0144 z kark\u00f3wki faszerowana \u015bliwk\u0105<\/span><\/div>\n<div style=\"text-align: center;\" data-canvas-width=\"316.52799999999996\"><span style=\"font-size: medium;\">\u017ceberka w sosie miodowo-gruszkowym<\/span><\/div>\n<div style=\"text-align: center;\" data-canvas-width=\"461.6160000000001\"><span style=\"font-size: medium;\">schab po staropolsku (schab b\/k, grzyby suszone, cebula)<\/span><\/div>\n<div style=\"text-align: center;\" data-canvas-width=\"467.088\"><span style=\"font-size: medium;\">schab po cyga\u0144sku (schab b\/k, ostre przyprawy, warzywa)<\/span><\/div>\n<div style=\"text-align: center;\" data-canvas-width=\"187.98399999999998\"><\/div>\n<div style=\"text-align: center;\" data-canvas-width=\"187.98399999999998\"><span style=\"color: #ff6600;\">DANIA Z WO\u0141OWINY:<\/span><\/div>\n<div style=\"text-align: center;\" data-canvas-width=\"187.98399999999998\"><\/div>\n<div style=\"text-align: center;\" data-canvas-width=\"141.00799999999998\"><span style=\"font-size: medium;\">boeuf Strogonow<\/span><\/div>\n<div style=\"text-align: center;\" data-canvas-width=\"207.312\"><span style=\"font-size: medium;\">piecze\u0144 ciel\u0119ca po w\u0142osku<\/span><\/div>\n<div style=\"text-align: center;\" data-canvas-width=\"282.62399999999997\"><span style=\"font-size: medium;\">bitki wo\u0142owe w sosie pieczeniowym<\/span><\/div>\n<div style=\"text-align: center;\" data-canvas-width=\"423.63200000000006\"><span style=\"font-size: medium;\">zrazy tradycyjne (og\u00f3rek kiszony, w\u0119dzonka, cebula)<\/span><\/div>\n<div style=\"text-align: center;\" data-canvas-width=\"121.6\"><\/div>\n<div style=\"text-align: center;\" data-canvas-width=\"121.6\"><span style=\"color: #ff6600;\">DANIA Z RYB:<\/span><\/div>\n<div style=\"text-align: center;\" data-canvas-width=\"121.6\"><\/div>\n<div style=\"text-align: center;\" data-canvas-width=\"248.064\"><span style=\"font-size: medium;\">dorsz zapiekany ze szpinakiem<\/span><\/div>\n<div style=\"text-align: center;\" data-canvas-width=\"208.38399999999996\"><span style=\"font-size: medium;\">\u0142oso\u015b w sosie cytrynowym<\/span><\/div>\n<div style=\"text-align: center;\" data-canvas-width=\"157.88799999999998\"><span style=\"font-size: medium;\">pstr\u0105g w migda\u0142ach<\/span><\/div>\n<div style=\"text-align: center;\" data-canvas-width=\"86.84799999999998\"><\/div>\n<div style=\"text-align: center;\" data-canvas-width=\"86.84799999999998\"><span style=\"color: #ff6600;\">DODATKI:<\/span><\/div>\n<div style=\"text-align: center;\" data-canvas-width=\"86.84799999999998\"><\/div>\n<div style=\"text-align: center;\" data-canvas-width=\"179.03999999999996\"><span style=\"font-size: medium;\">ziemniaki z koperkiem<\/span><\/div>\n<div style=\"text-align: center;\" data-canvas-width=\"41.60000000000001\"><span style=\"font-size: medium;\">frytki<\/span><\/div>\n<div style=\"text-align: center;\" data-canvas-width=\"24.368\"><span style=\"font-size: medium;\">ry\u017c<\/span><\/div>\n<div style=\"text-align: center;\" data-canvas-width=\"145.11999999999998\"><span style=\"font-size: medium;\">buraczki na ciep\u0142o<\/span><\/div>\n<div style=\"text-align: center;\" data-canvas-width=\"142.15999999999997\"><span style=\"font-size: medium;\">jarzyny gotowane<\/span><\/div>\n<div style=\"text-align: center;\" data-canvas-width=\"146.91199999999998\"><span style=\"font-size: medium;\">sur\u00f3wka wiosenna<\/span><\/div>\n<div style=\"text-align: center;\" data-canvas-width=\"196.25599999999997\"><span style=\"font-size: medium;\">sur\u00f3wka z bia\u0142ej kapusty<\/span><\/div>\n<div style=\"text-align: center;\" data-canvas-width=\"234.17599999999993\"><span style=\"font-size: medium;\">sur\u00f3wka z marchewki i jab\u0142ka<\/span><\/div>\n<div style=\"text-align: center;\" data-canvas-width=\"232.79999999999998\"><span style=\"font-size: medium;\">sur\u00f3wka z selera i brzoskwini<\/span><\/div>\n<div style=\"text-align: center;\" data-canvas-width=\"120.84799999999998\"><span style=\"font-size: medium;\">sur\u00f3wka z pory<\/span><\/div>\n<div style=\"text-align: center;\"><span style=\"font-size: medium;\">\u200b<\/span><\/div>\n<\/div>\n<div data-page=\"2\">\n<div style=\"text-align: center;\">\u00a0<span style=\"color: #ff6600;\">BUFET ZIMNY:<\/span><\/div>\n<div style=\"text-align: center;\"><\/div>\n<div>\n<div style=\"text-align: center;\" data-canvas-width=\"333.18399999999997\"><span style=\"font-size: medium;\">pier\u015b z kurczaka z suszonymi pomidorami<\/span><\/div>\n<div style=\"text-align: center;\" data-canvas-width=\"258.32000000000005\"><span style=\"font-size: medium;\">rolada z kurczaka ze szpinakiem<\/span><\/div>\n<div style=\"text-align: center;\" data-canvas-width=\"152.272\"><span style=\"font-size: medium;\">tymbaliki drobiowe<\/span><\/div>\n<div style=\"text-align: center;\" data-canvas-width=\"197.328\"><span style=\"font-size: medium;\">tatar wo\u0142owy na grzance<\/span><\/div>\n<div style=\"text-align: center;\" data-canvas-width=\"129.10399999999998\"><span style=\"font-size: medium;\">szynka po rusku<\/span><\/div>\n<div style=\"text-align: center;\" data-canvas-width=\"332.11199999999985\"><span style=\"font-size: medium;\">medaliony ciel\u0119ce z kremem broku\u0142owym<\/span><\/div>\n<div style=\"text-align: center;\" data-canvas-width=\"132.304\"><span style=\"font-size: medium;\">rostbef pieczony<\/span><\/div>\n<div style=\"text-align: center;\" data-canvas-width=\"143.74399999999997\"><span style=\"font-size: medium;\">schab w galarecie<\/span><\/div>\n<div style=\"text-align: center;\" data-canvas-width=\"328.3999999999999\"><span style=\"font-size: medium;\">roladki szynkowe z kremem chrzanowym<\/span><\/div>\n<div style=\"text-align: center;\" data-canvas-width=\"235.95200000000003\"><span style=\"font-size: medium;\">kark\u00f3wka faszerowana \u015bliwk\u0105<\/span><\/div>\n<div style=\"text-align: center;\" data-canvas-width=\"309.376\"><span style=\"font-size: medium;\">tobo\u0142ki z prosciutto i le\u015bnymi grzybami<\/span><\/div>\n<div style=\"text-align: center;\" data-canvas-width=\"380\"><span style=\"font-size: medium;\">pasztet z pistacjami i \u017curawinowym chutneyem<\/span><\/div>\n<div style=\"text-align: center;\" data-canvas-width=\"349.9680000000001\"><span style=\"font-size: medium;\">szczypiorkowe ro\u017cki z w\u0119dzonym pstr\u0105giem<\/span><\/div>\n<div style=\"text-align: center;\" data-canvas-width=\"146.97599999999994\"><span style=\"font-size: medium;\">\u015blimaczki z \u0142ososia<\/span><\/div>\n<div style=\"text-align: center;\" data-canvas-width=\"147.744\"><span style=\"font-size: medium;\">pstr\u0105g w galarecie<\/span><\/div>\n<div style=\"text-align: center;\" data-canvas-width=\"248.51199999999997\"><span style=\"font-size: medium;\">\u0142oso\u015b gotowany w bia\u0142ym winie<\/span><\/div>\n<div style=\"text-align: center;\" data-canvas-width=\"309.11999999999995\"><span style=\"font-size: medium;\">tobo\u0142ki z \u0142ososia nadziewane cacykami<\/span><\/div>\n<div style=\"text-align: center;\" data-canvas-width=\"261.504\"><span style=\"font-size: medium;\">p\u00f3\u0142misek ser\u00f3w i rurek serowych<\/span><\/div>\n<div style=\"text-align: center;\" data-canvas-width=\"256.60800000000006\"><\/div>\n<div style=\"text-align: center;\" data-canvas-width=\"256.60800000000006\"><span style=\"color: #ff0000;\">BUFET DESEROWY I NAPOJE:<\/span><\/div>\n<div style=\"text-align: center;\" data-canvas-width=\"256.60800000000006\"><\/div>\n<div style=\"text-align: center;\" data-canvas-width=\"354.448\"><span style=\"font-size: medium;\">lody waniliowe w gor\u0105cym sosie malinowym<\/span><\/div>\n<div style=\"text-align: center;\" data-canvas-width=\"129.808\"><span style=\"font-size: medium;\">lody z bakaliami<\/span><\/div>\n<div style=\"text-align: center;\" data-canvas-width=\"123.536\"><span style=\"font-size: medium;\">lody z owocami<\/span><\/div>\n<div style=\"text-align: center;\" data-canvas-width=\"158.54399999999998\"><span style=\"font-size: medium;\">kawa ze \u015bmietank\u0105<\/span><\/div>\n<div style=\"text-align: center;\" data-canvas-width=\"155.87199999999999\"><span style=\"font-size: medium;\">herbata z cytrynk\u0105<\/span><\/div>\n<p style=\"text-align: center;\">\n<\/div>\n<\/div>\n<p style=\"text-align: center;\">\n<p style=\"text-align: center;\">\n<p style=\"text-align: center;\">\n<p><\/p>","protected":false},"excerpt":{"rendered":"<p>\u00a0 \u00a0 \u00a0 \u00a0 \u00a0 \u00a0 \u00a0 \u00a0 \u00a0 \u00a0 &hellip; <a href=\"https:\/\/waszstyl.pl\/en\/komunia\/\">Continued<\/a><\/p>\n","protected":false},"author":2,"featured_media":0,"parent":0,"menu_order":0,"comment_status":"closed","ping_status":"closed","template":"","meta":{"_acf_changed":false,"footnotes":""},"class_list":["post-694","page","type-page","status-publish","hentry"],"acf":[],"yoast_head":"<!-- This site is optimized with the Yoast SEO plugin v26.9 - https:\/\/yoast.com\/product\/yoast-seo-wordpress\/ -->\n<title>(Polski) Przyj\u0119cia komunijne - Wasz Styl Catering<\/title>\n<meta name=\"robots\" content=\"index, follow, max-snippet:-1, max-image-preview:large, max-video-preview:-1\" \/>\n<link rel=\"canonical\" href=\"https:\/\/waszstyl.pl\/komunia\/\" \/>\n<meta property=\"og:locale\" content=\"en_US\" \/>\n<meta property=\"og:type\" content=\"article\" \/>\n<meta property=\"og:title\" content=\"[:pl]Przyj\u0119cia komunijne[:] - Wasz Styl Catering\" \/>\n<meta property=\"og:description\" content=\"\u00a0 \u00a0 \u00a0 \u00a0 \u00a0 \u00a0 \u00a0 \u00a0 \u00a0 \u00a0 &hellip; Continued\" \/>\n<meta property=\"og:url\" content=\"https:\/\/waszstyl.pl\/komunia\/\" \/>\n<meta property=\"og:site_name\" content=\"Wasz Styl Catering\" \/>\n<meta property=\"article:publisher\" content=\"https:\/\/www.facebook.com\/pages\/Wasz-Styl-Catering\/603102179771605\" \/>\n<meta property=\"article:modified_time\" content=\"2025-02-13T15:13:13+00:00\" \/>\n<meta name=\"twitter:label1\" content=\"Est. reading time\" \/>\n\t<meta name=\"twitter:data1\" content=\"2 minutes\" \/>\n<script type=\"application\/ld+json\" class=\"yoast-schema-graph\">{\"@context\":\"https:\/\/schema.org\",\"@graph\":[{\"@type\":\"WebPage\",\"@id\":\"https:\/\/waszstyl.pl\/komunia\/\",\"url\":\"https:\/\/waszstyl.pl\/komunia\/\",\"name\":\"[:pl]Przyj\u0119cia komunijne[:] - Wasz Styl Catering\",\"isPartOf\":{\"@id\":\"https:\/\/waszstyl.pl\/#website\"},\"datePublished\":\"2014-03-21T20:53:24+00:00\",\"dateModified\":\"2025-02-13T15:13:13+00:00\",\"breadcrumb\":{\"@id\":\"https:\/\/waszstyl.pl\/komunia\/#breadcrumb\"},\"inLanguage\":\"en-US\",\"potentialAction\":[{\"@type\":\"ReadAction\",\"target\":[\"https:\/\/waszstyl.pl\/komunia\/\"]}]},{\"@type\":\"BreadcrumbList\",\"@id\":\"https:\/\/waszstyl.pl\/komunia\/#breadcrumb\",\"itemListElement\":[{\"@type\":\"ListItem\",\"position\":1,\"name\":\"Strona g\u0142\u00f3wna\",\"item\":\"https:\/\/waszstyl.pl\/\"},{\"@type\":\"ListItem\",\"position\":2,\"name\":\"Przyj\u0119cia komunijne\"}]},{\"@type\":\"WebSite\",\"@id\":\"https:\/\/waszstyl.pl\/#website\",\"url\":\"https:\/\/waszstyl.pl\/\",\"name\":\"Wasz Styl Catering\",\"description\":\"kompleksowa organizacja obs\u0142ugi ka\u017cdej imprezy\",\"potentialAction\":[{\"@type\":\"SearchAction\",\"target\":{\"@type\":\"EntryPoint\",\"urlTemplate\":\"https:\/\/waszstyl.pl\/?s={search_term_string}\"},\"query-input\":{\"@type\":\"PropertyValueSpecification\",\"valueRequired\":true,\"valueName\":\"search_term_string\"}}],\"inLanguage\":\"en-US\"}]}<\/script>\n<!-- \/ Yoast SEO plugin. -->","yoast_head_json":{"title":"(Polski) Przyj\u0119cia komunijne - Wasz Styl Catering","robots":{"index":"index","follow":"follow","max-snippet":"max-snippet:-1","max-image-preview":"max-image-preview:large","max-video-preview":"max-video-preview:-1"},"canonical":"https:\/\/waszstyl.pl\/komunia\/","og_locale":"en_US","og_type":"article","og_title":"[:pl]Przyj\u0119cia komunijne[:] - Wasz Styl Catering","og_description":"\u00a0 \u00a0 \u00a0 \u00a0 \u00a0 \u00a0 \u00a0 \u00a0 \u00a0 \u00a0 &hellip; Continued","og_url":"https:\/\/waszstyl.pl\/komunia\/","og_site_name":"Wasz Styl Catering","article_publisher":"https:\/\/www.facebook.com\/pages\/Wasz-Styl-Catering\/603102179771605","article_modified_time":"2025-02-13T15:13:13+00:00","twitter_misc":{"Est. reading time":"2 minutes"},"schema":{"@context":"https:\/\/schema.org","@graph":[{"@type":"WebPage","@id":"https:\/\/waszstyl.pl\/komunia\/","url":"https:\/\/waszstyl.pl\/komunia\/","name":"[:pl]Przyj\u0119cia komunijne[:] - Wasz Styl Catering","isPartOf":{"@id":"https:\/\/waszstyl.pl\/#website"},"datePublished":"2014-03-21T20:53:24+00:00","dateModified":"2025-02-13T15:13:13+00:00","breadcrumb":{"@id":"https:\/\/waszstyl.pl\/komunia\/#breadcrumb"},"inLanguage":"en-US","potentialAction":[{"@type":"ReadAction","target":["https:\/\/waszstyl.pl\/komunia\/"]}]},{"@type":"BreadcrumbList","@id":"https:\/\/waszstyl.pl\/komunia\/#breadcrumb","itemListElement":[{"@type":"ListItem","position":1,"name":"Strona g\u0142\u00f3wna","item":"https:\/\/waszstyl.pl\/"},{"@type":"ListItem","position":2,"name":"Przyj\u0119cia komunijne"}]},{"@type":"WebSite","@id":"https:\/\/waszstyl.pl\/#website","url":"https:\/\/waszstyl.pl\/","name":"Wasz Styl Catering","description":"kompleksowa organizacja obs\u0142ugi ka\u017cdej imprezy","potentialAction":[{"@type":"SearchAction","target":{"@type":"EntryPoint","urlTemplate":"https:\/\/waszstyl.pl\/?s={search_term_string}"},"query-input":{"@type":"PropertyValueSpecification","valueRequired":true,"valueName":"search_term_string"}}],"inLanguage":"en-US"}]}},"_links":{"self":[{"href":"https:\/\/waszstyl.pl\/en\/wp-json\/wp\/v2\/pages\/694","targetHints":{"allow":["GET"]}}],"collection":[{"href":"https:\/\/waszstyl.pl\/en\/wp-json\/wp\/v2\/pages"}],"about":[{"href":"https:\/\/waszstyl.pl\/en\/wp-json\/wp\/v2\/types\/page"}],"author":[{"embeddable":true,"href":"https:\/\/waszstyl.pl\/en\/wp-json\/wp\/v2\/users\/2"}],"replies":[{"embeddable":true,"href":"https:\/\/waszstyl.pl\/en\/wp-json\/wp\/v2\/comments?post=694"}],"version-history":[{"count":32,"href":"https:\/\/waszstyl.pl\/en\/wp-json\/wp\/v2\/pages\/694\/revisions"}],"predecessor-version":[{"id":1593,"href":"https:\/\/waszstyl.pl\/en\/wp-json\/wp\/v2\/pages\/694\/revisions\/1593"}],"wp:attachment":[{"href":"https:\/\/waszstyl.pl\/en\/wp-json\/wp\/v2\/media?parent=694"}],"curies":[{"name":"wp","href":"https:\/\/api.w.org\/{rel}","templated":true}]}}