{"id":7,"date":"2014-02-22T15:52:55","date_gmt":"2014-02-22T15:52:55","guid":{"rendered":"http:\/\/waszstyl.pl\/?page_id=7"},"modified":"2024-07-02T08:51:01","modified_gmt":"2024-07-02T08:51:01","slug":"home","status":"publish","type":"page","link":"https:\/\/waszstyl.pl\/en\/","title":{"rendered":"Home"},"content":{"rendered":"<p class=\"qtranxs-available-languages-message qtranxs-available-languages-message-en\">Sorry, this entry is only available in <a href=\"https:\/\/waszstyl.pl\/pl\/wp-json\/wp\/v2\/pages\/7\" class=\"qtranxs-available-language-link qtranxs-available-language-link-pl\" title=\"Polski\">Polski<\/a>.<\/p>","protected":false},"excerpt":{"rendered":"<p>Sorry, this entry is only available in Polski.<\/p>\n","protected":false},"author":1,"featured_media":0,"parent":0,"menu_order":-1,"comment_status":"closed","ping_status":"closed","template":"","meta":{"_acf_changed":false,"footnotes":""},"class_list":["post-7","page","type-page","status-publish","hentry"],"acf":[],"yoast_head":"<!-- This site is optimized with the Yoast SEO plugin v26.9 - https:\/\/yoast.com\/product\/yoast-seo-wordpress\/ -->\n<title>Catering BydgoszczCatering BydgoszczCatering BydgoszczCatering BydgoszczCatering BydgoszczCatering Bydgoszcz<\/title>\n<meta name=\"description\" content=\"Wasz Styl Catering Bydgoszcz to firma zajmuj\u0105ca si\u0119 cateringiem i organizacj\u0105 imprez od ponad 23 lat. W naszej pracy stawiamy na wysok\u0105 jako\u015b\u0107 us\u0142ug i satysfakcj\u0119 Klient\u00f3w. Firma Wasz Styl Catering Bydgoszcz zorganizuje ka\u017cd\u0105 imprez\u0119 i przyj\u0119cie. Zadzwo\u0144 52 322 49 50 Catering Company in BydgoszczWasz Styl Catering Bydgoszcz to firma zajmuj\u0105ca si\u0119 cateringiem i organizacj\u0105 imprez od ponad 23 lat. W naszej pracy stawiamy na wysok\u0105 jako\u015b\u0107 us\u0142ug i satysfakcj\u0119 Klient\u00f3w. Firma Wasz Styl Catering Bydgoszcz zorganizuje ka\u017cd\u0105 imprez\u0119 i przyj\u0119cie. Zadzwo\u0144 52 322 49 50 Catering Company in BydgoszczWasz Styl Catering Bydgoszcz to firma zajmuj\u0105ca si\u0119 cateringiem i organizacj\u0105 imprez od ponad 23 lat. W naszej pracy stawiamy na wysok\u0105 jako\u015b\u0107 us\u0142ug i satysfakcj\u0119 Klient\u00f3w. Firma Wasz Styl Catering Bydgoszcz zorganizuje ka\u017cd\u0105 imprez\u0119 i przyj\u0119cie. Zadzwo\u0144 52 322 49 50 Catering Company in BydgoszczWasz Styl Catering Bydgoszcz to firma zajmuj\u0105ca si\u0119 cateringiem i organizacj\u0105 imprez od ponad 23 lat. W naszej pracy stawiamy na wysok\u0105 jako\u015b\u0107 us\u0142ug i satysfakcj\u0119 Klient\u00f3w. Firma Wasz Styl Catering Bydgoszcz zorganizuje ka\u017cd\u0105 imprez\u0119 i przyj\u0119cie. Zadzwo\u0144 52 322 49 50 Catering Company in Bydgoszcz\" \/>\n<meta name=\"robots\" content=\"index, follow, max-snippet:-1, max-image-preview:large, max-video-preview:-1\" \/>\n<link rel=\"canonical\" href=\"https:\/\/waszstyl.pl\/\" \/>\n<meta property=\"og:locale\" content=\"en_US\" \/>\n<meta property=\"og:type\" content=\"article\" \/>\n<meta property=\"og:title\" content=\"[:pl]Catering w Bydgoszczy - imprezy, komunie, konferencje | Wasz Styl[:en]Catering BydgoszczCatering BydgoszczCatering BydgoszczCatering BydgoszczCatering BydgoszczCatering Bydgoszcz[:]\" \/>\n<meta property=\"og:description\" content=\"{:pl}Wasz Styl to catering, organizacja imprez i kompleksowa obs\u0142uga w jednym. Dzia\u0142amy w Bydgoszczy oraz okolicach \u2013 sprawd\u017a, dlaczego warto na nas postawi\u0107.{:en}Wasz Styl Catering Bydgoszcz to firma zajmuj\u0105ca si\u0119 cateringiem i organizacj\u0105 imprez od ponad 23 lat. W naszej pracy stawiamy na wysok\u0105 jako\u015b\u0107 us\u0142ug i satysfakcj\u0119 Klient\u00f3w. Firma Wasz Styl Catering Bydgoszcz zorganizuje ka\u017cd\u0105 imprez\u0119 i przyj\u0119cie. Zadzwo\u0144 52 322 49 50 Catering Company in BydgoszczWasz Styl Catering Bydgoszcz to firma zajmuj\u0105ca si\u0119 cateringiem i organizacj\u0105 imprez od ponad 23 lat. W naszej pracy stawiamy na wysok\u0105 jako\u015b\u0107 us\u0142ug i satysfakcj\u0119 Klient\u00f3w. Firma Wasz Styl Catering Bydgoszcz zorganizuje ka\u017cd\u0105 imprez\u0119 i przyj\u0119cie. Zadzwo\u0144 52 322 49 50 Catering Company in BydgoszczWasz Styl Catering Bydgoszcz to firma zajmuj\u0105ca si\u0119 cateringiem i organizacj\u0105 imprez od ponad 23 lat. W naszej pracy stawiamy na wysok\u0105 jako\u015b\u0107 us\u0142ug i satysfakcj\u0119 Klient\u00f3w. Firma Wasz Styl Catering Bydgoszcz zorganizuje ka\u017cd\u0105 imprez\u0119 i przyj\u0119cie. Zadzwo\u0144 52 322 49 50 Catering Company in BydgoszczWasz Styl Catering Bydgoszcz to firma zajmuj\u0105ca si\u0119 cateringiem i organizacj\u0105 imprez od ponad 23 lat. W naszej pracy stawiamy na wysok\u0105 jako\u015b\u0107 us\u0142ug i satysfakcj\u0119 Klient\u00f3w. Firma Wasz Styl Catering Bydgoszcz zorganizuje ka\u017cd\u0105 imprez\u0119 i przyj\u0119cie. Zadzwo\u0144 52 322 49 50 Catering Company in Bydgoszcz{:}\" \/>\n<meta property=\"og:url\" content=\"https:\/\/waszstyl.pl\/\" \/>\n<meta property=\"og:site_name\" content=\"Wasz Styl Catering\" \/>\n<meta property=\"article:publisher\" content=\"https:\/\/www.facebook.com\/pages\/Wasz-Styl-Catering\/603102179771605\" \/>\n<meta property=\"article:modified_time\" content=\"2024-07-02T08:51:01+00:00\" \/>\n<meta property=\"og:image\" content=\"https:\/\/waszstyl.pl\/assets\/doswiadczenie.png\" \/>\n<meta name=\"twitter:label1\" content=\"Est. reading time\" \/>\n\t<meta name=\"twitter:data1\" content=\"17 minutes\" \/>\n<script type=\"application\/ld+json\" class=\"yoast-schema-graph\">{\"@context\":\"https:\/\/schema.org\",\"@graph\":[{\"@type\":\"WebPage\",\"@id\":\"https:\/\/waszstyl.pl\/\",\"url\":\"https:\/\/waszstyl.pl\/\",\"name\":\"[:pl]Catering w Bydgoszczy - imprezy, komunie, konferencje | Wasz Styl[:en]Catering BydgoszczCatering BydgoszczCatering BydgoszczCatering BydgoszczCatering BydgoszczCatering Bydgoszcz[:]\",\"isPartOf\":{\"@id\":\"https:\/\/waszstyl.pl\/#website\"},\"primaryImageOfPage\":{\"@id\":\"https:\/\/waszstyl.pl\/#primaryimage\"},\"image\":{\"@id\":\"https:\/\/waszstyl.pl\/#primaryimage\"},\"thumbnailUrl\":\"https:\/\/waszstyl.pl\/assets\/doswiadczenie.png\",\"datePublished\":\"2014-02-22T15:52:55+00:00\",\"dateModified\":\"2024-07-02T08:51:01+00:00\",\"description\":\"{:pl}Wasz Styl to catering, organizacja imprez i kompleksowa obs\u0142uga w jednym. Dzia\u0142amy w Bydgoszczy oraz okolicach \u2013 sprawd\u017a, dlaczego warto na nas postawi\u0107.{:en}Wasz Styl Catering Bydgoszcz to firma zajmuj\u0105ca si\u0119 cateringiem i organizacj\u0105 imprez od ponad 23 lat. W naszej pracy stawiamy na wysok\u0105 jako\u015b\u0107 us\u0142ug i satysfakcj\u0119 Klient\u00f3w. Firma Wasz Styl Catering Bydgoszcz zorganizuje ka\u017cd\u0105 imprez\u0119 i przyj\u0119cie. Zadzwo\u0144 52 322 49 50 Catering Company in BydgoszczWasz Styl Catering Bydgoszcz to firma zajmuj\u0105ca si\u0119 cateringiem i organizacj\u0105 imprez od ponad 23 lat. W naszej pracy stawiamy na wysok\u0105 jako\u015b\u0107 us\u0142ug i satysfakcj\u0119 Klient\u00f3w. Firma Wasz Styl Catering Bydgoszcz zorganizuje ka\u017cd\u0105 imprez\u0119 i przyj\u0119cie. Zadzwo\u0144 52 322 49 50 Catering Company in BydgoszczWasz Styl Catering Bydgoszcz to firma zajmuj\u0105ca si\u0119 cateringiem i organizacj\u0105 imprez od ponad 23 lat. W naszej pracy stawiamy na wysok\u0105 jako\u015b\u0107 us\u0142ug i satysfakcj\u0119 Klient\u00f3w. Firma Wasz Styl Catering Bydgoszcz zorganizuje ka\u017cd\u0105 imprez\u0119 i przyj\u0119cie. Zadzwo\u0144 52 322 49 50 Catering Company in BydgoszczWasz Styl Catering Bydgoszcz to firma zajmuj\u0105ca si\u0119 cateringiem i organizacj\u0105 imprez od ponad 23 lat. W naszej pracy stawiamy na wysok\u0105 jako\u015b\u0107 us\u0142ug i satysfakcj\u0119 Klient\u00f3w. Firma Wasz Styl Catering Bydgoszcz zorganizuje ka\u017cd\u0105 imprez\u0119 i przyj\u0119cie. Zadzwo\u0144 52 322 49 50 Catering Company in Bydgoszcz{:}\",\"breadcrumb\":{\"@id\":\"https:\/\/waszstyl.pl\/#breadcrumb\"},\"inLanguage\":\"en-US\",\"potentialAction\":[{\"@type\":\"ReadAction\",\"target\":[\"https:\/\/waszstyl.pl\/\"]}]},{\"@type\":\"ImageObject\",\"inLanguage\":\"en-US\",\"@id\":\"https:\/\/waszstyl.pl\/#primaryimage\",\"url\":\"https:\/\/waszstyl.pl\/assets\/doswiadczenie.png\",\"contentUrl\":\"https:\/\/waszstyl.pl\/assets\/doswiadczenie.png\"},{\"@type\":\"BreadcrumbList\",\"@id\":\"https:\/\/waszstyl.pl\/#breadcrumb\",\"itemListElement\":[{\"@type\":\"ListItem\",\"position\":1,\"name\":\"Strona g\u0142\u00f3wna\",\"item\":\"https:\/\/waszstyl.pl\/\"},{\"@type\":\"ListItem\",\"position\":2,\"name\":\"Home\"}]},{\"@type\":\"WebSite\",\"@id\":\"https:\/\/waszstyl.pl\/#website\",\"url\":\"https:\/\/waszstyl.pl\/\",\"name\":\"Wasz Styl Catering\",\"description\":\"kompleksowa organizacja obs\u0142ugi ka\u017cdej imprezy\",\"potentialAction\":[{\"@type\":\"SearchAction\",\"target\":{\"@type\":\"EntryPoint\",\"urlTemplate\":\"https:\/\/waszstyl.pl\/?s={search_term_string}\"},\"query-input\":{\"@type\":\"PropertyValueSpecification\",\"valueRequired\":true,\"valueName\":\"search_term_string\"}}],\"inLanguage\":\"en-US\"}]}<\/script>\n<!-- \/ Yoast SEO plugin. -->","yoast_head_json":{"title":"Catering BydgoszczCatering BydgoszczCatering BydgoszczCatering BydgoszczCatering BydgoszczCatering Bydgoszcz","description":"Wasz Styl Catering Bydgoszcz to firma zajmuj\u0105ca si\u0119 cateringiem i organizacj\u0105 imprez od ponad 23 lat. W naszej pracy stawiamy na wysok\u0105 jako\u015b\u0107 us\u0142ug i satysfakcj\u0119 Klient\u00f3w. Firma Wasz Styl Catering Bydgoszcz zorganizuje ka\u017cd\u0105 imprez\u0119 i przyj\u0119cie. Zadzwo\u0144 52 322 49 50 Catering Company in BydgoszczWasz Styl Catering Bydgoszcz to firma zajmuj\u0105ca si\u0119 cateringiem i organizacj\u0105 imprez od ponad 23 lat. W naszej pracy stawiamy na wysok\u0105 jako\u015b\u0107 us\u0142ug i satysfakcj\u0119 Klient\u00f3w. Firma Wasz Styl Catering Bydgoszcz zorganizuje ka\u017cd\u0105 imprez\u0119 i przyj\u0119cie. Zadzwo\u0144 52 322 49 50 Catering Company in BydgoszczWasz Styl Catering Bydgoszcz to firma zajmuj\u0105ca si\u0119 cateringiem i organizacj\u0105 imprez od ponad 23 lat. W naszej pracy stawiamy na wysok\u0105 jako\u015b\u0107 us\u0142ug i satysfakcj\u0119 Klient\u00f3w. Firma Wasz Styl Catering Bydgoszcz zorganizuje ka\u017cd\u0105 imprez\u0119 i przyj\u0119cie. Zadzwo\u0144 52 322 49 50 Catering Company in BydgoszczWasz Styl Catering Bydgoszcz to firma zajmuj\u0105ca si\u0119 cateringiem i organizacj\u0105 imprez od ponad 23 lat. W naszej pracy stawiamy na wysok\u0105 jako\u015b\u0107 us\u0142ug i satysfakcj\u0119 Klient\u00f3w. Firma Wasz Styl Catering Bydgoszcz zorganizuje ka\u017cd\u0105 imprez\u0119 i przyj\u0119cie. Zadzwo\u0144 52 322 49 50 Catering Company in Bydgoszcz","robots":{"index":"index","follow":"follow","max-snippet":"max-snippet:-1","max-image-preview":"max-image-preview:large","max-video-preview":"max-video-preview:-1"},"canonical":"https:\/\/waszstyl.pl\/","og_locale":"en_US","og_type":"article","og_title":"[:pl]Catering w Bydgoszczy - imprezy, komunie, konferencje | Wasz Styl[:en]Catering BydgoszczCatering BydgoszczCatering BydgoszczCatering BydgoszczCatering BydgoszczCatering Bydgoszcz[:]","og_description":"{:pl}Wasz Styl to catering, organizacja imprez i kompleksowa obs\u0142uga w jednym. Dzia\u0142amy w Bydgoszczy oraz okolicach \u2013 sprawd\u017a, dlaczego warto na nas postawi\u0107.{:en}Wasz Styl Catering Bydgoszcz to firma zajmuj\u0105ca si\u0119 cateringiem i organizacj\u0105 imprez od ponad 23 lat. W naszej pracy stawiamy na wysok\u0105 jako\u015b\u0107 us\u0142ug i satysfakcj\u0119 Klient\u00f3w. Firma Wasz Styl Catering Bydgoszcz zorganizuje ka\u017cd\u0105 imprez\u0119 i przyj\u0119cie. Zadzwo\u0144 52 322 49 50 Catering Company in BydgoszczWasz Styl Catering Bydgoszcz to firma zajmuj\u0105ca si\u0119 cateringiem i organizacj\u0105 imprez od ponad 23 lat. W naszej pracy stawiamy na wysok\u0105 jako\u015b\u0107 us\u0142ug i satysfakcj\u0119 Klient\u00f3w. Firma Wasz Styl Catering Bydgoszcz zorganizuje ka\u017cd\u0105 imprez\u0119 i przyj\u0119cie. Zadzwo\u0144 52 322 49 50 Catering Company in BydgoszczWasz Styl Catering Bydgoszcz to firma zajmuj\u0105ca si\u0119 cateringiem i organizacj\u0105 imprez od ponad 23 lat. W naszej pracy stawiamy na wysok\u0105 jako\u015b\u0107 us\u0142ug i satysfakcj\u0119 Klient\u00f3w. Firma Wasz Styl Catering Bydgoszcz zorganizuje ka\u017cd\u0105 imprez\u0119 i przyj\u0119cie. Zadzwo\u0144 52 322 49 50 Catering Company in BydgoszczWasz Styl Catering Bydgoszcz to firma zajmuj\u0105ca si\u0119 cateringiem i organizacj\u0105 imprez od ponad 23 lat. W naszej pracy stawiamy na wysok\u0105 jako\u015b\u0107 us\u0142ug i satysfakcj\u0119 Klient\u00f3w. Firma Wasz Styl Catering Bydgoszcz zorganizuje ka\u017cd\u0105 imprez\u0119 i przyj\u0119cie. Zadzwo\u0144 52 322 49 50 Catering Company in Bydgoszcz{:}","og_url":"https:\/\/waszstyl.pl\/","og_site_name":"Wasz Styl Catering","article_publisher":"https:\/\/www.facebook.com\/pages\/Wasz-Styl-Catering\/603102179771605","article_modified_time":"2024-07-02T08:51:01+00:00","og_image":[{"url":"https:\/\/waszstyl.pl\/assets\/doswiadczenie.png","type":"","width":"","height":""}],"twitter_misc":{"Est. reading time":"17 minutes"},"schema":{"@context":"https:\/\/schema.org","@graph":[{"@type":"WebPage","@id":"https:\/\/waszstyl.pl\/","url":"https:\/\/waszstyl.pl\/","name":"[:pl]Catering w Bydgoszczy - imprezy, komunie, konferencje | Wasz Styl[:en]Catering BydgoszczCatering BydgoszczCatering BydgoszczCatering BydgoszczCatering BydgoszczCatering Bydgoszcz[:]","isPartOf":{"@id":"https:\/\/waszstyl.pl\/#website"},"primaryImageOfPage":{"@id":"https:\/\/waszstyl.pl\/#primaryimage"},"image":{"@id":"https:\/\/waszstyl.pl\/#primaryimage"},"thumbnailUrl":"https:\/\/waszstyl.pl\/assets\/doswiadczenie.png","datePublished":"2014-02-22T15:52:55+00:00","dateModified":"2024-07-02T08:51:01+00:00","description":"{:pl}Wasz Styl to catering, organizacja imprez i kompleksowa obs\u0142uga w jednym. Dzia\u0142amy w Bydgoszczy oraz okolicach \u2013 sprawd\u017a, dlaczego warto na nas postawi\u0107.{:en}Wasz Styl Catering Bydgoszcz to firma zajmuj\u0105ca si\u0119 cateringiem i organizacj\u0105 imprez od ponad 23 lat. W naszej pracy stawiamy na wysok\u0105 jako\u015b\u0107 us\u0142ug i satysfakcj\u0119 Klient\u00f3w. Firma Wasz Styl Catering Bydgoszcz zorganizuje ka\u017cd\u0105 imprez\u0119 i przyj\u0119cie. Zadzwo\u0144 52 322 49 50 Catering Company in BydgoszczWasz Styl Catering Bydgoszcz to firma zajmuj\u0105ca si\u0119 cateringiem i organizacj\u0105 imprez od ponad 23 lat. W naszej pracy stawiamy na wysok\u0105 jako\u015b\u0107 us\u0142ug i satysfakcj\u0119 Klient\u00f3w. Firma Wasz Styl Catering Bydgoszcz zorganizuje ka\u017cd\u0105 imprez\u0119 i przyj\u0119cie. Zadzwo\u0144 52 322 49 50 Catering Company in BydgoszczWasz Styl Catering Bydgoszcz to firma zajmuj\u0105ca si\u0119 cateringiem i organizacj\u0105 imprez od ponad 23 lat. W naszej pracy stawiamy na wysok\u0105 jako\u015b\u0107 us\u0142ug i satysfakcj\u0119 Klient\u00f3w. Firma Wasz Styl Catering Bydgoszcz zorganizuje ka\u017cd\u0105 imprez\u0119 i przyj\u0119cie. Zadzwo\u0144 52 322 49 50 Catering Company in BydgoszczWasz Styl Catering Bydgoszcz to firma zajmuj\u0105ca si\u0119 cateringiem i organizacj\u0105 imprez od ponad 23 lat. W naszej pracy stawiamy na wysok\u0105 jako\u015b\u0107 us\u0142ug i satysfakcj\u0119 Klient\u00f3w. Firma Wasz Styl Catering Bydgoszcz zorganizuje ka\u017cd\u0105 imprez\u0119 i przyj\u0119cie. Zadzwo\u0144 52 322 49 50 Catering Company in Bydgoszcz{:}","breadcrumb":{"@id":"https:\/\/waszstyl.pl\/#breadcrumb"},"inLanguage":"en-US","potentialAction":[{"@type":"ReadAction","target":["https:\/\/waszstyl.pl\/"]}]},{"@type":"ImageObject","inLanguage":"en-US","@id":"https:\/\/waszstyl.pl\/#primaryimage","url":"https:\/\/waszstyl.pl\/assets\/doswiadczenie.png","contentUrl":"https:\/\/waszstyl.pl\/assets\/doswiadczenie.png"},{"@type":"BreadcrumbList","@id":"https:\/\/waszstyl.pl\/#breadcrumb","itemListElement":[{"@type":"ListItem","position":1,"name":"Strona g\u0142\u00f3wna","item":"https:\/\/waszstyl.pl\/"},{"@type":"ListItem","position":2,"name":"Home"}]},{"@type":"WebSite","@id":"https:\/\/waszstyl.pl\/#website","url":"https:\/\/waszstyl.pl\/","name":"Wasz Styl Catering","description":"kompleksowa organizacja obs\u0142ugi ka\u017cdej imprezy","potentialAction":[{"@type":"SearchAction","target":{"@type":"EntryPoint","urlTemplate":"https:\/\/waszstyl.pl\/?s={search_term_string}"},"query-input":{"@type":"PropertyValueSpecification","valueRequired":true,"valueName":"search_term_string"}}],"inLanguage":"en-US"}]}},"_links":{"self":[{"href":"https:\/\/waszstyl.pl\/en\/wp-json\/wp\/v2\/pages\/7","targetHints":{"allow":["GET"]}}],"collection":[{"href":"https:\/\/waszstyl.pl\/en\/wp-json\/wp\/v2\/pages"}],"about":[{"href":"https:\/\/waszstyl.pl\/en\/wp-json\/wp\/v2\/types\/page"}],"author":[{"embeddable":true,"href":"https:\/\/waszstyl.pl\/en\/wp-json\/wp\/v2\/users\/1"}],"replies":[{"embeddable":true,"href":"https:\/\/waszstyl.pl\/en\/wp-json\/wp\/v2\/comments?post=7"}],"version-history":[{"count":162,"href":"https:\/\/waszstyl.pl\/en\/wp-json\/wp\/v2\/pages\/7\/revisions"}],"predecessor-version":[{"id":1572,"href":"https:\/\/waszstyl.pl\/en\/wp-json\/wp\/v2\/pages\/7\/revisions\/1572"}],"wp:attachment":[{"href":"https:\/\/waszstyl.pl\/en\/wp-json\/wp\/v2\/media?parent=7"}],"curies":[{"name":"wp","href":"https:\/\/api.w.org\/{rel}","templated":true}]}}