{"id":71,"date":"2014-02-23T08:57:43","date_gmt":"2014-02-23T08:57:43","guid":{"rendered":"http:\/\/waszstyl.pl\/?page_id=71"},"modified":"2014-03-04T15:40:34","modified_gmt":"2014-03-04T15:40:34","slug":"zbiorowe-zywienie","status":"publish","type":"page","link":"https:\/\/waszstyl.pl\/en\/oferta\/zbiorowe-zywienie\/","title":{"rendered":"Group catering"},"content":{"rendered":"<p>We offer the catering services for all workplaces, army, educational institutions (education centers, schools and kindergartens), social welfare centers, hospitals and health resorts<\/p>\n<ul>\n<li>we have competence to optimize infrastructure and concept of nutrition<\/li>\n<li>our dishes are prepared using the standards of the Institute of Food and Nutrition under the supervision of dietitians<\/li>\n<li>we use the latest technology for food production, constantly improving the whole food preparation process<\/li>\n<li>our services are based on the HACCP system<\/li>\n<\/ul>\n<p><\/p>","protected":false},"excerpt":{"rendered":"<p class=\"qtranxs-available-languages-message qtranxs-available-languages-message-en\">Sorry, this entry is only available in <a href=\"https:\/\/waszstyl.pl\/pl\/wp-json\/wp\/v2\/pages\/71\" class=\"qtranxs-available-language-link qtranxs-available-language-link-pl\" title=\"Polski\">Polski<\/a>.<\/p>\n","protected":false},"author":1,"featured_media":127,"parent":14,"menu_order":5,"comment_status":"closed","ping_status":"closed","template":"","meta":{"_acf_changed":false,"footnotes":""},"class_list":["post-71","page","type-page","status-publish","has-post-thumbnail","hentry"],"acf":[],"yoast_head":"<!-- This site is optimized with the Yoast SEO plugin v26.9 - https:\/\/yoast.com\/product\/yoast-seo-wordpress\/ -->\n<title>Zbiorowe \u017cywienieGroup catering - Wasz Styl Catering<\/title>\n<meta name=\"robots\" content=\"index, follow, max-snippet:-1, max-image-preview:large, max-video-preview:-1\" \/>\n<link rel=\"canonical\" href=\"https:\/\/waszstyl.pl\/oferta\/zbiorowe-zywienie\/\" \/>\n<meta property=\"og:locale\" content=\"en_US\" \/>\n<meta property=\"og:type\" content=\"article\" \/>\n<meta property=\"og:title\" content=\"Zbiorowe \u017cywienieGroup catering - Wasz Styl Catering\" \/>\n<meta property=\"og:description\" content=\"Dla zak\u0142ad\u00f3w pracy, wojska, plac\u00f3wek o\u015bwiatowych\" \/>\n<meta property=\"og:url\" content=\"https:\/\/waszstyl.pl\/oferta\/zbiorowe-zywienie\/\" \/>\n<meta property=\"og:site_name\" content=\"Wasz Styl Catering\" \/>\n<meta property=\"article:publisher\" content=\"https:\/\/www.facebook.com\/pages\/Wasz-Styl-Catering\/603102179771605\" \/>\n<meta property=\"article:modified_time\" content=\"2014-03-04T15:40:34+00:00\" \/>\n<meta property=\"og:image\" content=\"https:\/\/waszstyl.pl\/assets\/zbiorowe-zywienie-posilki-pracownicze-1.jpg\" \/>\n\t<meta property=\"og:image:width\" content=\"1400\" \/>\n\t<meta property=\"og:image:height\" content=\"377\" \/>\n\t<meta property=\"og:image:type\" content=\"image\/jpeg\" \/>\n<meta name=\"twitter:label1\" content=\"Est. reading time\" \/>\n\t<meta name=\"twitter:data1\" content=\"1 minute\" \/>\n<script type=\"application\/ld+json\" class=\"yoast-schema-graph\">{\"@context\":\"https:\/\/schema.org\",\"@graph\":[{\"@type\":\"WebPage\",\"@id\":\"https:\/\/waszstyl.pl\/oferta\/zbiorowe-zywienie\/\",\"url\":\"https:\/\/waszstyl.pl\/oferta\/zbiorowe-zywienie\/\",\"name\":\"Zbiorowe \u017cywienieGroup catering - Wasz Styl Catering\",\"isPartOf\":{\"@id\":\"https:\/\/waszstyl.pl\/#website\"},\"primaryImageOfPage\":{\"@id\":\"https:\/\/waszstyl.pl\/oferta\/zbiorowe-zywienie\/#primaryimage\"},\"image\":{\"@id\":\"https:\/\/waszstyl.pl\/oferta\/zbiorowe-zywienie\/#primaryimage\"},\"thumbnailUrl\":\"https:\/\/waszstyl.pl\/assets\/zbiorowe-zywienie-posilki-pracownicze-1.jpg\",\"datePublished\":\"2014-02-23T08:57:43+00:00\",\"dateModified\":\"2014-03-04T15:40:34+00:00\",\"breadcrumb\":{\"@id\":\"https:\/\/waszstyl.pl\/oferta\/zbiorowe-zywienie\/#breadcrumb\"},\"inLanguage\":\"en-US\",\"potentialAction\":[{\"@type\":\"ReadAction\",\"target\":[\"https:\/\/waszstyl.pl\/oferta\/zbiorowe-zywienie\/\"]}]},{\"@type\":\"ImageObject\",\"inLanguage\":\"en-US\",\"@id\":\"https:\/\/waszstyl.pl\/oferta\/zbiorowe-zywienie\/#primaryimage\",\"url\":\"https:\/\/waszstyl.pl\/assets\/zbiorowe-zywienie-posilki-pracownicze-1.jpg\",\"contentUrl\":\"https:\/\/waszstyl.pl\/assets\/zbiorowe-zywienie-posilki-pracownicze-1.jpg\",\"width\":1400,\"height\":377},{\"@type\":\"BreadcrumbList\",\"@id\":\"https:\/\/waszstyl.pl\/oferta\/zbiorowe-zywienie\/#breadcrumb\",\"itemListElement\":[{\"@type\":\"ListItem\",\"position\":1,\"name\":\"Strona g\u0142\u00f3wna\",\"item\":\"https:\/\/waszstyl.pl\/\"},{\"@type\":\"ListItem\",\"position\":2,\"name\":\"Oferta\",\"item\":\"https:\/\/waszstyl.pl\/oferta\/\"},{\"@type\":\"ListItem\",\"position\":3,\"name\":\"Zbiorowe \u017cywienie\"}]},{\"@type\":\"WebSite\",\"@id\":\"https:\/\/waszstyl.pl\/#website\",\"url\":\"https:\/\/waszstyl.pl\/\",\"name\":\"Wasz Styl Catering\",\"description\":\"kompleksowa organizacja obs\u0142ugi ka\u017cdej imprezy\",\"potentialAction\":[{\"@type\":\"SearchAction\",\"target\":{\"@type\":\"EntryPoint\",\"urlTemplate\":\"https:\/\/waszstyl.pl\/?s={search_term_string}\"},\"query-input\":{\"@type\":\"PropertyValueSpecification\",\"valueRequired\":true,\"valueName\":\"search_term_string\"}}],\"inLanguage\":\"en-US\"}]}<\/script>\n<!-- \/ Yoast SEO plugin. -->","yoast_head_json":{"title":"Zbiorowe \u017cywienieGroup catering - Wasz Styl Catering","robots":{"index":"index","follow":"follow","max-snippet":"max-snippet:-1","max-image-preview":"max-image-preview:large","max-video-preview":"max-video-preview:-1"},"canonical":"https:\/\/waszstyl.pl\/oferta\/zbiorowe-zywienie\/","og_locale":"en_US","og_type":"article","og_title":"Zbiorowe \u017cywienieGroup catering - Wasz Styl Catering","og_description":"Dla zak\u0142ad\u00f3w pracy, wojska, plac\u00f3wek o\u015bwiatowych","og_url":"https:\/\/waszstyl.pl\/oferta\/zbiorowe-zywienie\/","og_site_name":"Wasz Styl Catering","article_publisher":"https:\/\/www.facebook.com\/pages\/Wasz-Styl-Catering\/603102179771605","article_modified_time":"2014-03-04T15:40:34+00:00","og_image":[{"width":1400,"height":377,"url":"https:\/\/waszstyl.pl\/assets\/zbiorowe-zywienie-posilki-pracownicze-1.jpg","type":"image\/jpeg"}],"twitter_misc":{"Est. reading time":"1 minute"},"schema":{"@context":"https:\/\/schema.org","@graph":[{"@type":"WebPage","@id":"https:\/\/waszstyl.pl\/oferta\/zbiorowe-zywienie\/","url":"https:\/\/waszstyl.pl\/oferta\/zbiorowe-zywienie\/","name":"Zbiorowe \u017cywienieGroup catering - Wasz Styl Catering","isPartOf":{"@id":"https:\/\/waszstyl.pl\/#website"},"primaryImageOfPage":{"@id":"https:\/\/waszstyl.pl\/oferta\/zbiorowe-zywienie\/#primaryimage"},"image":{"@id":"https:\/\/waszstyl.pl\/oferta\/zbiorowe-zywienie\/#primaryimage"},"thumbnailUrl":"https:\/\/waszstyl.pl\/assets\/zbiorowe-zywienie-posilki-pracownicze-1.jpg","datePublished":"2014-02-23T08:57:43+00:00","dateModified":"2014-03-04T15:40:34+00:00","breadcrumb":{"@id":"https:\/\/waszstyl.pl\/oferta\/zbiorowe-zywienie\/#breadcrumb"},"inLanguage":"en-US","potentialAction":[{"@type":"ReadAction","target":["https:\/\/waszstyl.pl\/oferta\/zbiorowe-zywienie\/"]}]},{"@type":"ImageObject","inLanguage":"en-US","@id":"https:\/\/waszstyl.pl\/oferta\/zbiorowe-zywienie\/#primaryimage","url":"https:\/\/waszstyl.pl\/assets\/zbiorowe-zywienie-posilki-pracownicze-1.jpg","contentUrl":"https:\/\/waszstyl.pl\/assets\/zbiorowe-zywienie-posilki-pracownicze-1.jpg","width":1400,"height":377},{"@type":"BreadcrumbList","@id":"https:\/\/waszstyl.pl\/oferta\/zbiorowe-zywienie\/#breadcrumb","itemListElement":[{"@type":"ListItem","position":1,"name":"Strona g\u0142\u00f3wna","item":"https:\/\/waszstyl.pl\/"},{"@type":"ListItem","position":2,"name":"Oferta","item":"https:\/\/waszstyl.pl\/oferta\/"},{"@type":"ListItem","position":3,"name":"Zbiorowe \u017cywienie"}]},{"@type":"WebSite","@id":"https:\/\/waszstyl.pl\/#website","url":"https:\/\/waszstyl.pl\/","name":"Wasz Styl Catering","description":"kompleksowa organizacja obs\u0142ugi ka\u017cdej imprezy","potentialAction":[{"@type":"SearchAction","target":{"@type":"EntryPoint","urlTemplate":"https:\/\/waszstyl.pl\/?s={search_term_string}"},"query-input":{"@type":"PropertyValueSpecification","valueRequired":true,"valueName":"search_term_string"}}],"inLanguage":"en-US"}]}},"_links":{"self":[{"href":"https:\/\/waszstyl.pl\/en\/wp-json\/wp\/v2\/pages\/71","targetHints":{"allow":["GET"]}}],"collection":[{"href":"https:\/\/waszstyl.pl\/en\/wp-json\/wp\/v2\/pages"}],"about":[{"href":"https:\/\/waszstyl.pl\/en\/wp-json\/wp\/v2\/types\/page"}],"author":[{"embeddable":true,"href":"https:\/\/waszstyl.pl\/en\/wp-json\/wp\/v2\/users\/1"}],"replies":[{"embeddable":true,"href":"https:\/\/waszstyl.pl\/en\/wp-json\/wp\/v2\/comments?post=71"}],"version-history":[{"count":4,"href":"https:\/\/waszstyl.pl\/en\/wp-json\/wp\/v2\/pages\/71\/revisions"}],"predecessor-version":[{"id":539,"href":"https:\/\/waszstyl.pl\/en\/wp-json\/wp\/v2\/pages\/71\/revisions\/539"}],"up":[{"embeddable":true,"href":"https:\/\/waszstyl.pl\/en\/wp-json\/wp\/v2\/pages\/14"}],"wp:featuredmedia":[{"embeddable":true,"href":"https:\/\/waszstyl.pl\/en\/wp-json\/wp\/v2\/media\/127"}],"wp:attachment":[{"href":"https:\/\/waszstyl.pl\/en\/wp-json\/wp\/v2\/media?parent=71"}],"curies":[{"name":"wp","href":"https:\/\/api.w.org\/{rel}","templated":true}]}}