{"id":761,"date":"2014-04-11T12:08:14","date_gmt":"2014-04-11T12:08:14","guid":{"rendered":"http:\/\/waszstyl.pl\/?page_id=761"},"modified":"2017-03-24T21:38:44","modified_gmt":"2017-03-24T21:38:44","slug":"namioty","status":"publish","type":"page","link":"https:\/\/waszstyl.pl\/en\/namioty\/","title":{"rendered":"Namioty"},"content":{"rendered":"<h3 style=\"text-align: right;\"><span style=\"font-size: x-large;\"><strong><span style=\"color: #888888;\">Wynajem namiot\u00f3w i catering<\/span><\/strong><\/span><\/h3>\n<p><iframe loading=\"lazy\" width=\"990\" height=\"557\" frameborder=\"0\" src=\"\/\/www.youtube.com\/embed\/0-LtfqOL_Ns?rel=0\"><\/iframe> \u00a0 Proponujemy Pa\u0144stwu wynajem namiot\u00f3w, pocz\u0105wszy od lekkich ekspresowych, pneumatycznych po hale namiotowe od 9m2 do 9.000m2 \u0142\u0105cznie.<\/p>\n<p>Namioty wyposa\u017cone mog\u0105 by\u0107 w takie elementy jak:pod\u0142oga, parkiet taneczny, gal\u0119(materia\u0142 upinany wewn\u0105trz namiotu, zakrywaj\u0105cy jego elementy konstrukcyjne),<\/p>\n<p>wyk\u0142adzin\u0119 pod\u0142ogow\u0105, ogrzewanie, klimatyzacj\u0119, o\u015bwietlenie (dekoracyjne LED, \u017cyrandole lub halogenowe), zaplecze sanitarne, podest, scen\u0119, o\u015bwietlenie<\/p>\n<p>sceniczne i nag\u0142o\u015bnienie,<\/p>\n<p>Ponadto zapewniamy: \u00a0sto\u0142y, r\u00f3wnie\u017c okr\u0105g\u0142e, krzes\u0142a, zestawy piwne (2\u0142awki ze sto\u0142em), stoliki, pufy oraz indywidualn\u0105 dekoracj\u0119 namiotu.<\/p>\n<p>namiot pneumatyczny: \u00a0 \u00a0150m2 \u00a0 \u00a010mx15m \u00a0 lub \u00a0 80m2 \u00a0 \u00a0 10mx8m \u00a0 \u00a0 \u00a0 \u00a0 \u00a0 \u00a0 \u00a0 \u00a0 \u00a0 \u00a0 \u00a0 \u00a0 \u00a0 \u00a0 \u00a0 \u00a0 \u00a0 \u00a0 \u00a0 \u00a0 \u00a0 \u00a0 \u00a0 \u00a0 \u00a0 \u00a0 \u00a0 \u00a0 \u00a0 \u00a0 \u00a0 \u00a0 \u00a0 \u00a0 \u00a0 \u00a0 \u00a0 \u00a0 \u00a0 \u00a0 \u00a0 \u00a0 \u00a0 \u00a0 \u00a0 \u00a0 \u00a0 \u00a0 \u00a0 \u00a0 \u00a0 \u00a0 \u00a0 \u00a0 \u00a0 \u00a0 \u00a0 \u00a0 \u00a0 \u00a0 \u00a0 \u00a0 \u00a0 \u00a0 \u00a0 \u00a0 \u00a0 \u00a0 \u00a0 \u00a0 \u00a0 \u00a0 \u00a0 \u00a0 \u00a0 \u00a0 \u00a0 \u00a0 \u00a0 \u00a0 \u00a0 \u00a0 \u00a0 \u00a0zalety &#8211; szybkie rozstawianie na kezdym pod\u0142o\u017cu bez ingerencji w nie <img loading=\"lazy\" decoding=\"async\" class=\"alignleft size-full wp-image-899\" alt=\"3 Namioty\" src=\"http:\/\/waszstyl.pl\/assets\/3-Namioty.jpg\" width=\"739\" height=\"622\" \/><\/p>\n","protected":false},"excerpt":{"rendered":"<p>Wynajem namiot\u00f3w i catering \u00a0 Proponujemy Pa\u0144stwu wynajem namiot\u00f3w, pocz\u0105wszy &hellip; <a href=\"https:\/\/waszstyl.pl\/en\/namioty\/\">Continued<\/a><\/p>\n","protected":false},"author":2,"featured_media":0,"parent":0,"menu_order":0,"comment_status":"closed","ping_status":"closed","template":"","meta":{"_acf_changed":false,"footnotes":""},"class_list":["post-761","page","type-page","status-publish","hentry"],"acf":[],"yoast_head":"<!-- This site is optimized with the Yoast SEO plugin v26.9 - https:\/\/yoast.com\/product\/yoast-seo-wordpress\/ -->\n<title>Namioty Bydgoszcz, Wynajem Namiot\u00f3w - Wasz Styl Catering<\/title>\n<meta name=\"description\" content=\"Catering pod namiotem. Namioty na wynajem Bydgoszcz. R\u00f3\u017cne wymiary, pe\u0142ne wyposa\u017cenie namiot\u00f3w: parkiet, wyk\u0142adzina, ogrzewanie, klimatyzacja itd.\" \/>\n<meta name=\"robots\" content=\"index, follow, max-snippet:-1, max-image-preview:large, max-video-preview:-1\" \/>\n<link rel=\"canonical\" href=\"https:\/\/waszstyl.pl\/namioty\/\" \/>\n<meta property=\"og:locale\" content=\"en_US\" \/>\n<meta property=\"og:type\" content=\"article\" \/>\n<meta property=\"og:title\" content=\"Namioty Bydgoszcz, Wynajem Namiot\u00f3w - Wasz Styl Catering\" \/>\n<meta property=\"og:description\" content=\"Catering pod namiotem. Namioty na wynajem Bydgoszcz. R\u00f3\u017cne wymiary, pe\u0142ne wyposa\u017cenie namiot\u00f3w: parkiet, wyk\u0142adzina, ogrzewanie, klimatyzacja itd.\" \/>\n<meta property=\"og:url\" content=\"https:\/\/waszstyl.pl\/namioty\/\" \/>\n<meta property=\"og:site_name\" content=\"Wasz Styl Catering\" \/>\n<meta property=\"article:publisher\" content=\"https:\/\/www.facebook.com\/pages\/Wasz-Styl-Catering\/603102179771605\" \/>\n<meta property=\"article:modified_time\" content=\"2017-03-24T21:38:44+00:00\" \/>\n<meta property=\"og:image\" content=\"https:\/\/waszstyl.pl\/assets\/3-Namioty.jpg\" \/>\n\t<meta property=\"og:image:width\" content=\"739\" \/>\n\t<meta property=\"og:image:height\" content=\"622\" \/>\n\t<meta property=\"og:image:type\" content=\"image\/jpeg\" \/>\n<meta name=\"twitter:label1\" content=\"Est. reading time\" \/>\n\t<meta name=\"twitter:data1\" content=\"1 minute\" \/>\n<script type=\"application\/ld+json\" class=\"yoast-schema-graph\">{\"@context\":\"https:\/\/schema.org\",\"@graph\":[{\"@type\":\"WebPage\",\"@id\":\"https:\/\/waszstyl.pl\/namioty\/\",\"url\":\"https:\/\/waszstyl.pl\/namioty\/\",\"name\":\"Namioty Bydgoszcz, Wynajem Namiot\u00f3w - Wasz Styl Catering\",\"isPartOf\":{\"@id\":\"https:\/\/waszstyl.pl\/#website\"},\"primaryImageOfPage\":{\"@id\":\"https:\/\/waszstyl.pl\/namioty\/#primaryimage\"},\"image\":{\"@id\":\"https:\/\/waszstyl.pl\/namioty\/#primaryimage\"},\"thumbnailUrl\":\"http:\/\/waszstyl.pl\/assets\/3-Namioty.jpg\",\"datePublished\":\"2014-04-11T12:08:14+00:00\",\"dateModified\":\"2017-03-24T21:38:44+00:00\",\"description\":\"Catering pod namiotem. Namioty na wynajem Bydgoszcz. R\u00f3\u017cne wymiary, pe\u0142ne wyposa\u017cenie namiot\u00f3w: parkiet, wyk\u0142adzina, ogrzewanie, klimatyzacja itd.\",\"breadcrumb\":{\"@id\":\"https:\/\/waszstyl.pl\/namioty\/#breadcrumb\"},\"inLanguage\":\"en-US\",\"potentialAction\":[{\"@type\":\"ReadAction\",\"target\":[\"https:\/\/waszstyl.pl\/namioty\/\"]}]},{\"@type\":\"ImageObject\",\"inLanguage\":\"en-US\",\"@id\":\"https:\/\/waszstyl.pl\/namioty\/#primaryimage\",\"url\":\"http:\/\/waszstyl.pl\/assets\/3-Namioty.jpg\",\"contentUrl\":\"http:\/\/waszstyl.pl\/assets\/3-Namioty.jpg\"},{\"@type\":\"BreadcrumbList\",\"@id\":\"https:\/\/waszstyl.pl\/namioty\/#breadcrumb\",\"itemListElement\":[{\"@type\":\"ListItem\",\"position\":1,\"name\":\"Strona g\u0142\u00f3wna\",\"item\":\"https:\/\/waszstyl.pl\/\"},{\"@type\":\"ListItem\",\"position\":2,\"name\":\"Namioty\"}]},{\"@type\":\"WebSite\",\"@id\":\"https:\/\/waszstyl.pl\/#website\",\"url\":\"https:\/\/waszstyl.pl\/\",\"name\":\"Wasz Styl Catering\",\"description\":\"kompleksowa organizacja obs\u0142ugi ka\u017cdej imprezy\",\"potentialAction\":[{\"@type\":\"SearchAction\",\"target\":{\"@type\":\"EntryPoint\",\"urlTemplate\":\"https:\/\/waszstyl.pl\/?s={search_term_string}\"},\"query-input\":{\"@type\":\"PropertyValueSpecification\",\"valueRequired\":true,\"valueName\":\"search_term_string\"}}],\"inLanguage\":\"en-US\"}]}<\/script>\n<!-- \/ Yoast SEO plugin. -->","yoast_head_json":{"title":"Namioty Bydgoszcz, Wynajem Namiot\u00f3w - Wasz Styl Catering","description":"Catering pod namiotem. Namioty na wynajem Bydgoszcz. R\u00f3\u017cne wymiary, pe\u0142ne wyposa\u017cenie namiot\u00f3w: parkiet, wyk\u0142adzina, ogrzewanie, klimatyzacja itd.","robots":{"index":"index","follow":"follow","max-snippet":"max-snippet:-1","max-image-preview":"max-image-preview:large","max-video-preview":"max-video-preview:-1"},"canonical":"https:\/\/waszstyl.pl\/namioty\/","og_locale":"en_US","og_type":"article","og_title":"Namioty Bydgoszcz, Wynajem Namiot\u00f3w - Wasz Styl Catering","og_description":"Catering pod namiotem. Namioty na wynajem Bydgoszcz. R\u00f3\u017cne wymiary, pe\u0142ne wyposa\u017cenie namiot\u00f3w: parkiet, wyk\u0142adzina, ogrzewanie, klimatyzacja itd.","og_url":"https:\/\/waszstyl.pl\/namioty\/","og_site_name":"Wasz Styl Catering","article_publisher":"https:\/\/www.facebook.com\/pages\/Wasz-Styl-Catering\/603102179771605","article_modified_time":"2017-03-24T21:38:44+00:00","og_image":[{"width":739,"height":622,"url":"https:\/\/waszstyl.pl\/assets\/3-Namioty.jpg","type":"image\/jpeg"}],"twitter_misc":{"Est. reading time":"1 minute"},"schema":{"@context":"https:\/\/schema.org","@graph":[{"@type":"WebPage","@id":"https:\/\/waszstyl.pl\/namioty\/","url":"https:\/\/waszstyl.pl\/namioty\/","name":"Namioty Bydgoszcz, Wynajem Namiot\u00f3w - Wasz Styl Catering","isPartOf":{"@id":"https:\/\/waszstyl.pl\/#website"},"primaryImageOfPage":{"@id":"https:\/\/waszstyl.pl\/namioty\/#primaryimage"},"image":{"@id":"https:\/\/waszstyl.pl\/namioty\/#primaryimage"},"thumbnailUrl":"http:\/\/waszstyl.pl\/assets\/3-Namioty.jpg","datePublished":"2014-04-11T12:08:14+00:00","dateModified":"2017-03-24T21:38:44+00:00","description":"Catering pod namiotem. Namioty na wynajem Bydgoszcz. R\u00f3\u017cne wymiary, pe\u0142ne wyposa\u017cenie namiot\u00f3w: parkiet, wyk\u0142adzina, ogrzewanie, klimatyzacja itd.","breadcrumb":{"@id":"https:\/\/waszstyl.pl\/namioty\/#breadcrumb"},"inLanguage":"en-US","potentialAction":[{"@type":"ReadAction","target":["https:\/\/waszstyl.pl\/namioty\/"]}]},{"@type":"ImageObject","inLanguage":"en-US","@id":"https:\/\/waszstyl.pl\/namioty\/#primaryimage","url":"http:\/\/waszstyl.pl\/assets\/3-Namioty.jpg","contentUrl":"http:\/\/waszstyl.pl\/assets\/3-Namioty.jpg"},{"@type":"BreadcrumbList","@id":"https:\/\/waszstyl.pl\/namioty\/#breadcrumb","itemListElement":[{"@type":"ListItem","position":1,"name":"Strona g\u0142\u00f3wna","item":"https:\/\/waszstyl.pl\/"},{"@type":"ListItem","position":2,"name":"Namioty"}]},{"@type":"WebSite","@id":"https:\/\/waszstyl.pl\/#website","url":"https:\/\/waszstyl.pl\/","name":"Wasz Styl Catering","description":"kompleksowa organizacja obs\u0142ugi ka\u017cdej imprezy","potentialAction":[{"@type":"SearchAction","target":{"@type":"EntryPoint","urlTemplate":"https:\/\/waszstyl.pl\/?s={search_term_string}"},"query-input":{"@type":"PropertyValueSpecification","valueRequired":true,"valueName":"search_term_string"}}],"inLanguage":"en-US"}]}},"_links":{"self":[{"href":"https:\/\/waszstyl.pl\/en\/wp-json\/wp\/v2\/pages\/761","targetHints":{"allow":["GET"]}}],"collection":[{"href":"https:\/\/waszstyl.pl\/en\/wp-json\/wp\/v2\/pages"}],"about":[{"href":"https:\/\/waszstyl.pl\/en\/wp-json\/wp\/v2\/types\/page"}],"author":[{"embeddable":true,"href":"https:\/\/waszstyl.pl\/en\/wp-json\/wp\/v2\/users\/2"}],"replies":[{"embeddable":true,"href":"https:\/\/waszstyl.pl\/en\/wp-json\/wp\/v2\/comments?post=761"}],"version-history":[{"count":8,"href":"https:\/\/waszstyl.pl\/en\/wp-json\/wp\/v2\/pages\/761\/revisions"}],"predecessor-version":[{"id":769,"href":"https:\/\/waszstyl.pl\/en\/wp-json\/wp\/v2\/pages\/761\/revisions\/769"}],"wp:attachment":[{"href":"https:\/\/waszstyl.pl\/en\/wp-json\/wp\/v2\/media?parent=761"}],"curies":[{"name":"wp","href":"https:\/\/api.w.org\/{rel}","templated":true}]}}